{"id":4816,"date":"2023-01-19T11:12:34","date_gmt":"2023-01-19T10:12:34","guid":{"rendered":"https:\/\/non-stopshop.eu\/pl\/?post_type=product&#038;p=4816"},"modified":"2023-01-19T11:22:29","modified_gmt":"2023-01-19T10:22:29","slug":"bezprzewodowy-odkurzacz-reczny","status":"publish","type":"product","link":"https:\/\/non-stopshop.eu\/pl\/produkt\/bezprzewodowy-odkurzacz-reczny\/","title":{"rendered":"Bezprzewodowy odkurzacz r\u0119czny"},"content":{"rendered":"","protected":false},"excerpt":{"rendered":"<p>Lekki odkurzacz r\u0119czny o du\u017cej mocy ssania to idealny pomocnik w ka\u017cdym domu, miejscu pracy czy samochodzie. Pozb\u0105d\u017a si\u0119 nieczysto\u015bci i brudu w kilku krokach dzi\u0119ki temu najwy\u017cszej klasy odkurzaczowi.<\/p>\n","protected":false},"featured_media":4822,"comment_status":"closed","ping_status":"closed","template":"","meta":{"inline_featured_image":false},"product_brand":[],"product_cat":[15,27,36],"product_tag":[],"class_list":{"0":"post-4816","1":"product","2":"type-product","3":"status-publish","4":"has-post-thumbnail","6":"product_cat-uncategorized","7":"product_cat-home","8":"product_cat-seasonal-discounts","10":"first","11":"instock","12":"sale","13":"taxable","14":"shipping-taxable","15":"purchasable","16":"product-type-simple"},"acf":[],"_links":{"self":[{"href":"https:\/\/non-stopshop.eu\/pl\/wp-json\/wp\/v2\/product\/4816","targetHints":{"allow":["GET"]}}],"collection":[{"href":"https:\/\/non-stopshop.eu\/pl\/wp-json\/wp\/v2\/product"}],"about":[{"href":"https:\/\/non-stopshop.eu\/pl\/wp-json\/wp\/v2\/types\/product"}],"replies":[{"embeddable":true,"href":"https:\/\/non-stopshop.eu\/pl\/wp-json\/wp\/v2\/comments?post=4816"}],"wp:featuredmedia":[{"embeddable":true,"href":"https:\/\/non-stopshop.eu\/pl\/wp-json\/wp\/v2\/media\/4822"}],"wp:attachment":[{"href":"https:\/\/non-stopshop.eu\/pl\/wp-json\/wp\/v2\/media?parent=4816"}],"wp:term":[{"taxonomy":"product_brand","embeddable":true,"href":"https:\/\/non-stopshop.eu\/pl\/wp-json\/wp\/v2\/product_brand?post=4816"},{"taxonomy":"product_cat","embeddable":true,"href":"https:\/\/non-stopshop.eu\/pl\/wp-json\/wp\/v2\/product_cat?post=4816"},{"taxonomy":"product_tag","embeddable":true,"href":"https:\/\/non-stopshop.eu\/pl\/wp-json\/wp\/v2\/product_tag?post=4816"}],"curies":[{"name":"wp","href":"https:\/\/api.w.org\/{rel}","templated":true}]}}