{"id":5075,"date":"2023-02-24T09:22:24","date_gmt":"2023-02-24T08:22:24","guid":{"rendered":"https:\/\/non-stopshop.eu\/pl\/?post_type=product&#038;p=5075"},"modified":"2023-03-21T09:15:49","modified_gmt":"2023-03-21T08:15:49","slug":"zabawka-edukacyjna-drewniany-samochod-z-numerami","status":"publish","type":"product","link":"https:\/\/non-stopshop.eu\/pl\/produkt\/zabawka-edukacyjna-drewniany-samochod-z-numerami\/","title":{"rendered":"Zabawka edukacyjna Drewniany samoch\u00f3d z numerami"},"content":{"rendered":"","protected":false},"excerpt":{"rendered":"<p>Zabawka do wczesnej nauki liczb, kszta\u0142t\u00f3w i kolor\u00f3w. \u0106wiczenie zdolno\u015bci praktycznych i umys\u0142owych oraz rozwijanie kreatywno\u015bci.<\/p>\n","protected":false},"featured_media":5085,"comment_status":"closed","ping_status":"closed","template":"","meta":{"inline_featured_image":false},"product_brand":[],"product_cat":[15,35],"product_tag":[],"class_list":{"0":"post-5075","1":"product","2":"type-product","3":"status-publish","4":"has-post-thumbnail","6":"product_cat-uncategorized","7":"product_cat-fun","9":"first","10":"instock","11":"sale","12":"taxable","13":"shipping-taxable","14":"purchasable","15":"product-type-simple"},"acf":[],"_links":{"self":[{"href":"https:\/\/non-stopshop.eu\/pl\/wp-json\/wp\/v2\/product\/5075","targetHints":{"allow":["GET"]}}],"collection":[{"href":"https:\/\/non-stopshop.eu\/pl\/wp-json\/wp\/v2\/product"}],"about":[{"href":"https:\/\/non-stopshop.eu\/pl\/wp-json\/wp\/v2\/types\/product"}],"replies":[{"embeddable":true,"href":"https:\/\/non-stopshop.eu\/pl\/wp-json\/wp\/v2\/comments?post=5075"}],"wp:featuredmedia":[{"embeddable":true,"href":"https:\/\/non-stopshop.eu\/pl\/wp-json\/wp\/v2\/media\/5085"}],"wp:attachment":[{"href":"https:\/\/non-stopshop.eu\/pl\/wp-json\/wp\/v2\/media?parent=5075"}],"wp:term":[{"taxonomy":"product_brand","embeddable":true,"href":"https:\/\/non-stopshop.eu\/pl\/wp-json\/wp\/v2\/product_brand?post=5075"},{"taxonomy":"product_cat","embeddable":true,"href":"https:\/\/non-stopshop.eu\/pl\/wp-json\/wp\/v2\/product_cat?post=5075"},{"taxonomy":"product_tag","embeddable":true,"href":"https:\/\/non-stopshop.eu\/pl\/wp-json\/wp\/v2\/product_tag?post=5075"}],"curies":[{"name":"wp","href":"https:\/\/api.w.org\/{rel}","templated":true}]}}