{"id":5208,"date":"2023-03-10T09:36:58","date_gmt":"2023-03-10T08:36:58","guid":{"rendered":"https:\/\/non-stopshop.eu\/pl\/?post_type=product&#038;p=5208"},"modified":"2023-05-29T18:33:47","modified_gmt":"2023-05-29T16:33:47","slug":"profesjonalne-urzadzenie-do-trenowaniaprzedramiona","status":"publish","type":"product","link":"https:\/\/non-stopshop.eu\/pl\/produkt\/profesjonalne-urzadzenie-do-trenowaniaprzedramiona\/","title":{"rendered":"Profesjonalne urz\u0105dzenie-do-trenowaniaprzedramiona"},"content":{"rendered":"","protected":false},"excerpt":{"rendered":"<p>Osi\u0105gnij najwy\u017csze wyniki w poprawie mocy, naczy\u0144 krewnych i pr\u0119dko\u015bci w stawach i palcach.<\/p>\n","protected":false},"featured_media":5212,"comment_status":"closed","ping_status":"closed","template":"","meta":{"inline_featured_image":false},"product_brand":[],"product_cat":[15,28,26],"product_tag":[],"class_list":{"0":"post-5208","1":"product","2":"type-product","3":"status-publish","4":"has-post-thumbnail","6":"product_cat-uncategorized","7":"product_cat-beauty","8":"product_cat-health","10":"first","11":"instock","12":"sale","13":"taxable","14":"shipping-taxable","15":"purchasable","16":"product-type-simple"},"acf":[],"_links":{"self":[{"href":"https:\/\/non-stopshop.eu\/pl\/wp-json\/wp\/v2\/product\/5208","targetHints":{"allow":["GET"]}}],"collection":[{"href":"https:\/\/non-stopshop.eu\/pl\/wp-json\/wp\/v2\/product"}],"about":[{"href":"https:\/\/non-stopshop.eu\/pl\/wp-json\/wp\/v2\/types\/product"}],"replies":[{"embeddable":true,"href":"https:\/\/non-stopshop.eu\/pl\/wp-json\/wp\/v2\/comments?post=5208"}],"wp:featuredmedia":[{"embeddable":true,"href":"https:\/\/non-stopshop.eu\/pl\/wp-json\/wp\/v2\/media\/5212"}],"wp:attachment":[{"href":"https:\/\/non-stopshop.eu\/pl\/wp-json\/wp\/v2\/media?parent=5208"}],"wp:term":[{"taxonomy":"product_brand","embeddable":true,"href":"https:\/\/non-stopshop.eu\/pl\/wp-json\/wp\/v2\/product_brand?post=5208"},{"taxonomy":"product_cat","embeddable":true,"href":"https:\/\/non-stopshop.eu\/pl\/wp-json\/wp\/v2\/product_cat?post=5208"},{"taxonomy":"product_tag","embeddable":true,"href":"https:\/\/non-stopshop.eu\/pl\/wp-json\/wp\/v2\/product_tag?post=5208"}],"curies":[{"name":"wp","href":"https:\/\/api.w.org\/{rel}","templated":true}]}}