{"id":5741,"date":"2023-07-03T15:14:07","date_gmt":"2023-07-03T13:14:07","guid":{"rendered":"https:\/\/non-stopshop.eu\/pl\/?post_type=product&#038;p=5741"},"modified":"2023-09-15T08:34:47","modified_gmt":"2023-09-15T06:34:47","slug":"zestaw-kreatywny-montessori-do-malowania-klujacego","status":"publish","type":"product","link":"https:\/\/non-stopshop.eu\/pl\/produkt\/zestaw-kreatywny-montessori-do-malowania-klujacego\/","title":{"rendered":"Zestaw kreatywny Montessori do malowania k\u0142uj\u0105cego"},"content":{"rendered":"","protected":false},"excerpt":{"rendered":"<p>Pozw\u00f3l dzieciom wyrazi\u0107 swoj\u0105 kreatywno\u015b\u0107 za pomoc\u0105 tego fantastycznego zestawu niezwyk\u0142ych obraz\u00f3w. Specjalna technika malowania k\u0142uj\u0105cego zachwyci ka\u017cde dziecko!<\/p>\n","protected":false},"featured_media":5746,"comment_status":"closed","ping_status":"closed","template":"","meta":{"inline_featured_image":false},"product_brand":[],"product_cat":[15,35],"product_tag":[],"class_list":{"0":"post-5741","1":"product","2":"type-product","3":"status-publish","4":"has-post-thumbnail","6":"product_cat-uncategorized","7":"product_cat-fun","9":"first","10":"instock","11":"sale","12":"taxable","13":"shipping-taxable","14":"purchasable","15":"product-type-simple"},"acf":[],"_links":{"self":[{"href":"https:\/\/non-stopshop.eu\/pl\/wp-json\/wp\/v2\/product\/5741","targetHints":{"allow":["GET"]}}],"collection":[{"href":"https:\/\/non-stopshop.eu\/pl\/wp-json\/wp\/v2\/product"}],"about":[{"href":"https:\/\/non-stopshop.eu\/pl\/wp-json\/wp\/v2\/types\/product"}],"replies":[{"embeddable":true,"href":"https:\/\/non-stopshop.eu\/pl\/wp-json\/wp\/v2\/comments?post=5741"}],"wp:featuredmedia":[{"embeddable":true,"href":"https:\/\/non-stopshop.eu\/pl\/wp-json\/wp\/v2\/media\/5746"}],"wp:attachment":[{"href":"https:\/\/non-stopshop.eu\/pl\/wp-json\/wp\/v2\/media?parent=5741"}],"wp:term":[{"taxonomy":"product_brand","embeddable":true,"href":"https:\/\/non-stopshop.eu\/pl\/wp-json\/wp\/v2\/product_brand?post=5741"},{"taxonomy":"product_cat","embeddable":true,"href":"https:\/\/non-stopshop.eu\/pl\/wp-json\/wp\/v2\/product_cat?post=5741"},{"taxonomy":"product_tag","embeddable":true,"href":"https:\/\/non-stopshop.eu\/pl\/wp-json\/wp\/v2\/product_tag?post=5741"}],"curies":[{"name":"wp","href":"https:\/\/api.w.org\/{rel}","templated":true}]}}