{"id":5823,"date":"2023-07-11T16:52:01","date_gmt":"2023-07-11T14:52:01","guid":{"rendered":"https:\/\/non-stopshop.eu\/pl\/?post_type=product&#038;p=5823"},"modified":"2023-09-19T10:20:25","modified_gmt":"2023-09-19T08:20:25","slug":"mydlo-szamponowe-do-przyciemniania-siwych-wlosow","status":"publish","type":"product","link":"https:\/\/non-stopshop.eu\/pl\/produkt\/mydlo-szamponowe-do-przyciemniania-siwych-wlosow\/","title":{"rendered":"Myd\u0142o szamponowe do przyciemniania siwych w\u0142os\u00f3w"},"content":{"rendered":"","protected":false},"excerpt":{"rendered":"<p>Stopniowo pozbywaj si\u0119 siwych w\u0142os\u00f3w dzi\u0119ki temu skutecznemu myd\u0142u. Proste i \u0142atwe &#8211; jak mycie szamponem!<\/p>\n","protected":false},"featured_media":5836,"comment_status":"closed","ping_status":"closed","template":"","meta":{"inline_featured_image":false},"product_brand":[],"product_cat":[15,28,26],"product_tag":[],"class_list":{"0":"post-5823","1":"product","2":"type-product","3":"status-publish","4":"has-post-thumbnail","6":"product_cat-uncategorized","7":"product_cat-beauty","8":"product_cat-health","10":"first","11":"instock","12":"sale","13":"taxable","14":"shipping-taxable","15":"purchasable","16":"product-type-simple"},"acf":[],"_links":{"self":[{"href":"https:\/\/non-stopshop.eu\/pl\/wp-json\/wp\/v2\/product\/5823","targetHints":{"allow":["GET"]}}],"collection":[{"href":"https:\/\/non-stopshop.eu\/pl\/wp-json\/wp\/v2\/product"}],"about":[{"href":"https:\/\/non-stopshop.eu\/pl\/wp-json\/wp\/v2\/types\/product"}],"replies":[{"embeddable":true,"href":"https:\/\/non-stopshop.eu\/pl\/wp-json\/wp\/v2\/comments?post=5823"}],"wp:featuredmedia":[{"embeddable":true,"href":"https:\/\/non-stopshop.eu\/pl\/wp-json\/wp\/v2\/media\/5836"}],"wp:attachment":[{"href":"https:\/\/non-stopshop.eu\/pl\/wp-json\/wp\/v2\/media?parent=5823"}],"wp:term":[{"taxonomy":"product_brand","embeddable":true,"href":"https:\/\/non-stopshop.eu\/pl\/wp-json\/wp\/v2\/product_brand?post=5823"},{"taxonomy":"product_cat","embeddable":true,"href":"https:\/\/non-stopshop.eu\/pl\/wp-json\/wp\/v2\/product_cat?post=5823"},{"taxonomy":"product_tag","embeddable":true,"href":"https:\/\/non-stopshop.eu\/pl\/wp-json\/wp\/v2\/product_tag?post=5823"}],"curies":[{"name":"wp","href":"https:\/\/api.w.org\/{rel}","templated":true}]}}