{"id":6144,"date":"2023-08-11T13:38:33","date_gmt":"2023-08-11T11:38:33","guid":{"rendered":"https:\/\/non-stopshop.eu\/pl\/?post_type=product&#038;p=6144"},"modified":"2023-11-10T10:24:43","modified_gmt":"2023-11-10T09:24:43","slug":"pasek-dla-treningu-talii","status":"publish","type":"product","link":"https:\/\/non-stopshop.eu\/pl\/produkt\/pasek-dla-treningu-talii\/","title":{"rendered":"Pasek dla treningu talii"},"content":{"rendered":"","protected":false},"excerpt":{"rendered":"<p>Wygodna i oddychaj\u0105ca ta\u015bma elstyczna do talii i plecach daje poczucie bezpiecze\u0144stwa i swobod\u0119 ruch\u00f3w. Zmniejsza b\u00f3l plec\u00f3w i szybciej spala kalorie, a cellulit znika nawet 2-3 razy szybciej dzi\u0119ki tej ta\u015bmie.<\/p>\n","protected":false},"featured_media":6153,"comment_status":"closed","ping_status":"closed","template":"","meta":{"inline_featured_image":false},"product_brand":[],"product_cat":[15,28,26],"product_tag":[],"class_list":{"0":"post-6144","1":"product","2":"type-product","3":"status-publish","4":"has-post-thumbnail","6":"product_cat-uncategorized","7":"product_cat-beauty","8":"product_cat-health","10":"first","11":"instock","12":"sale","13":"taxable","14":"shipping-taxable","15":"purchasable","16":"product-type-simple"},"acf":[],"_links":{"self":[{"href":"https:\/\/non-stopshop.eu\/pl\/wp-json\/wp\/v2\/product\/6144","targetHints":{"allow":["GET"]}}],"collection":[{"href":"https:\/\/non-stopshop.eu\/pl\/wp-json\/wp\/v2\/product"}],"about":[{"href":"https:\/\/non-stopshop.eu\/pl\/wp-json\/wp\/v2\/types\/product"}],"replies":[{"embeddable":true,"href":"https:\/\/non-stopshop.eu\/pl\/wp-json\/wp\/v2\/comments?post=6144"}],"wp:featuredmedia":[{"embeddable":true,"href":"https:\/\/non-stopshop.eu\/pl\/wp-json\/wp\/v2\/media\/6153"}],"wp:attachment":[{"href":"https:\/\/non-stopshop.eu\/pl\/wp-json\/wp\/v2\/media?parent=6144"}],"wp:term":[{"taxonomy":"product_brand","embeddable":true,"href":"https:\/\/non-stopshop.eu\/pl\/wp-json\/wp\/v2\/product_brand?post=6144"},{"taxonomy":"product_cat","embeddable":true,"href":"https:\/\/non-stopshop.eu\/pl\/wp-json\/wp\/v2\/product_cat?post=6144"},{"taxonomy":"product_tag","embeddable":true,"href":"https:\/\/non-stopshop.eu\/pl\/wp-json\/wp\/v2\/product_tag?post=6144"}],"curies":[{"name":"wp","href":"https:\/\/api.w.org\/{rel}","templated":true}]}}