{"id":6248,"date":"2023-09-19T13:04:32","date_gmt":"2023-09-19T11:04:32","guid":{"rendered":"https:\/\/non-stopshop.eu\/pl\/?post_type=product&#038;p=6248"},"modified":"2023-09-19T13:14:02","modified_gmt":"2023-09-19T11:14:02","slug":"diy-zestaw-do-robienia-bransoletek","status":"publish","type":"product","link":"https:\/\/non-stopshop.eu\/pl\/produkt\/diy-zestaw-do-robienia-bransoletek\/","title":{"rendered":"DIY zestaw do robienia bransoletek"},"content":{"rendered":"","protected":false},"excerpt":{"rendered":"<p>Wyra\u017a swoj\u0105 kreatywno\u015b\u0107 i stw\u00f3rz sobie niepowtarzalne bransoletki. W tym zestawie znajdziesz wszystko, czego potrzebujesz do wykonania pi\u0119knej bi\u017cuterii.<\/p>\n","protected":false},"featured_media":6253,"comment_status":"closed","ping_status":"closed","template":"","meta":{"inline_featured_image":false},"product_brand":[],"product_cat":[15,28,35],"product_tag":[],"class_list":{"0":"post-6248","1":"product","2":"type-product","3":"status-publish","4":"has-post-thumbnail","6":"product_cat-uncategorized","7":"product_cat-beauty","8":"product_cat-fun","10":"first","11":"instock","12":"sale","13":"taxable","14":"shipping-taxable","15":"purchasable","16":"product-type-simple"},"acf":[],"_links":{"self":[{"href":"https:\/\/non-stopshop.eu\/pl\/wp-json\/wp\/v2\/product\/6248","targetHints":{"allow":["GET"]}}],"collection":[{"href":"https:\/\/non-stopshop.eu\/pl\/wp-json\/wp\/v2\/product"}],"about":[{"href":"https:\/\/non-stopshop.eu\/pl\/wp-json\/wp\/v2\/types\/product"}],"replies":[{"embeddable":true,"href":"https:\/\/non-stopshop.eu\/pl\/wp-json\/wp\/v2\/comments?post=6248"}],"wp:featuredmedia":[{"embeddable":true,"href":"https:\/\/non-stopshop.eu\/pl\/wp-json\/wp\/v2\/media\/6253"}],"wp:attachment":[{"href":"https:\/\/non-stopshop.eu\/pl\/wp-json\/wp\/v2\/media?parent=6248"}],"wp:term":[{"taxonomy":"product_brand","embeddable":true,"href":"https:\/\/non-stopshop.eu\/pl\/wp-json\/wp\/v2\/product_brand?post=6248"},{"taxonomy":"product_cat","embeddable":true,"href":"https:\/\/non-stopshop.eu\/pl\/wp-json\/wp\/v2\/product_cat?post=6248"},{"taxonomy":"product_tag","embeddable":true,"href":"https:\/\/non-stopshop.eu\/pl\/wp-json\/wp\/v2\/product_tag?post=6248"}],"curies":[{"name":"wp","href":"https:\/\/api.w.org\/{rel}","templated":true}]}}