{"id":6850,"date":"2023-09-21T08:51:49","date_gmt":"2023-09-21T06:51:49","guid":{"rendered":"https:\/\/non-stopshop.eu\/pl\/?post_type=product&#038;p=6850"},"modified":"2023-09-28T10:16:01","modified_gmt":"2023-09-28T08:16:01","slug":"ciekawe-rekwizyty-ogrodowe","status":"publish","type":"product","link":"https:\/\/non-stopshop.eu\/pl\/produkt\/ciekawe-rekwizyty-ogrodowe\/","title":{"rendered":"Ciekawe rekwizyty ogrodowe"},"content":{"rendered":"","protected":false},"excerpt":{"rendered":"<p>Spraw, aby Twoje podw\u00f3rko lub dom mia\u0142y najstraszniejsz\u0105 dekoracj\u0119 na Noc Czarownic. Wyj\u0105tkowy spos\u00f3b na dekoracj\u0119 podw\u00f3rka!<\/p>\n","protected":false},"featured_media":6859,"comment_status":"closed","ping_status":"closed","template":"","meta":{"inline_featured_image":false},"product_brand":[],"product_cat":[15,35],"product_tag":[],"class_list":{"0":"post-6850","1":"product","2":"type-product","3":"status-publish","4":"has-post-thumbnail","6":"product_cat-uncategorized","7":"product_cat-fun","9":"first","10":"instock","11":"sale","12":"taxable","13":"shipping-taxable","14":"purchasable","15":"product-type-simple"},"acf":[],"_links":{"self":[{"href":"https:\/\/non-stopshop.eu\/pl\/wp-json\/wp\/v2\/product\/6850","targetHints":{"allow":["GET"]}}],"collection":[{"href":"https:\/\/non-stopshop.eu\/pl\/wp-json\/wp\/v2\/product"}],"about":[{"href":"https:\/\/non-stopshop.eu\/pl\/wp-json\/wp\/v2\/types\/product"}],"replies":[{"embeddable":true,"href":"https:\/\/non-stopshop.eu\/pl\/wp-json\/wp\/v2\/comments?post=6850"}],"wp:featuredmedia":[{"embeddable":true,"href":"https:\/\/non-stopshop.eu\/pl\/wp-json\/wp\/v2\/media\/6859"}],"wp:attachment":[{"href":"https:\/\/non-stopshop.eu\/pl\/wp-json\/wp\/v2\/media?parent=6850"}],"wp:term":[{"taxonomy":"product_brand","embeddable":true,"href":"https:\/\/non-stopshop.eu\/pl\/wp-json\/wp\/v2\/product_brand?post=6850"},{"taxonomy":"product_cat","embeddable":true,"href":"https:\/\/non-stopshop.eu\/pl\/wp-json\/wp\/v2\/product_cat?post=6850"},{"taxonomy":"product_tag","embeddable":true,"href":"https:\/\/non-stopshop.eu\/pl\/wp-json\/wp\/v2\/product_tag?post=6850"}],"curies":[{"name":"wp","href":"https:\/\/api.w.org\/{rel}","templated":true}]}}