{"id":7035,"date":"2023-11-07T11:51:17","date_gmt":"2023-11-07T10:51:17","guid":{"rendered":"https:\/\/non-stopshop.eu\/pl\/?post_type=product&#038;p=7035"},"modified":"2023-11-20T13:43:18","modified_gmt":"2023-11-20T12:43:18","slug":"drift-rc-auto","status":"publish","type":"product","link":"https:\/\/non-stopshop.eu\/pl\/produkt\/drift-rc-auto\/","title":{"rendered":"Drift RC auto"},"content":{"rendered":"","protected":false},"excerpt":{"rendered":"<p>Przetw\u00f3rz sw\u00f3j dom w tor do dryftu z samochodzikami. Niezwyk\u0142y spos\u00f3b zabawy przykuje uwag\u0119 na d\u0142ugi czas i zapewni niezapomnian\u0105 zabaw\u0119!<\/p>\n","protected":false},"featured_media":7116,"comment_status":"closed","ping_status":"closed","template":"","meta":{"inline_featured_image":false},"product_brand":[],"product_cat":[15,35],"product_tag":[],"class_list":{"0":"post-7035","1":"product","2":"type-product","3":"status-publish","4":"has-post-thumbnail","6":"product_cat-uncategorized","7":"product_cat-fun","9":"first","10":"instock","11":"sale","12":"taxable","13":"shipping-taxable","14":"purchasable","15":"product-type-simple"},"acf":[],"_links":{"self":[{"href":"https:\/\/non-stopshop.eu\/pl\/wp-json\/wp\/v2\/product\/7035","targetHints":{"allow":["GET"]}}],"collection":[{"href":"https:\/\/non-stopshop.eu\/pl\/wp-json\/wp\/v2\/product"}],"about":[{"href":"https:\/\/non-stopshop.eu\/pl\/wp-json\/wp\/v2\/types\/product"}],"replies":[{"embeddable":true,"href":"https:\/\/non-stopshop.eu\/pl\/wp-json\/wp\/v2\/comments?post=7035"}],"wp:featuredmedia":[{"embeddable":true,"href":"https:\/\/non-stopshop.eu\/pl\/wp-json\/wp\/v2\/media\/7116"}],"wp:attachment":[{"href":"https:\/\/non-stopshop.eu\/pl\/wp-json\/wp\/v2\/media?parent=7035"}],"wp:term":[{"taxonomy":"product_brand","embeddable":true,"href":"https:\/\/non-stopshop.eu\/pl\/wp-json\/wp\/v2\/product_brand?post=7035"},{"taxonomy":"product_cat","embeddable":true,"href":"https:\/\/non-stopshop.eu\/pl\/wp-json\/wp\/v2\/product_cat?post=7035"},{"taxonomy":"product_tag","embeddable":true,"href":"https:\/\/non-stopshop.eu\/pl\/wp-json\/wp\/v2\/product_tag?post=7035"}],"curies":[{"name":"wp","href":"https:\/\/api.w.org\/{rel}","templated":true}]}}