{"id":100,"date":"2020-10-28T10:57:15","date_gmt":"2020-10-28T10:57:15","guid":{"rendered":"https:\/\/shopium.eu\/rs\/?page_id=100"},"modified":"2023-04-25T15:17:27","modified_gmt":"2023-04-25T13:17:27","slug":"conditii-generale","status":"publish","type":"page","link":"https:\/\/non-stopshop.eu\/ro\/conditii-generale\/","title":{"rendered":"Condi\u021bii generale de afaceri"},"content":{"rendered":"<p><strong>Compania:<\/strong><\/p>\n<p>Condi\u021bii generale de afaceri<\/p>\n<p>NonStopShop.com\/ (\u00een continuare \u00bbnoi\u00ab, \u00bbnoi\u00ab, \u00bbnostru\u00ab, \u00bbna\u0161oj\u00ab, \u00bbnostru\u00ab itd..) este un magazin online de\u0163inut de compania ECTCEU doo, care func\u0163ioneaz\u0103 \u00een conformitate cu Legea comer\u0163ului electronic \u015fi cu toate celelalte legi \u015fi reglement\u0103ri aplicabile \u00een Uniunea European\u0103. Vizit\u00e2nd sau cump\u0103r\u00e2nd \u00een magazinul nostru online, accepta\u0163i condi\u0163iile de utilizare enumerate mai jos. V\u0103 rug\u0103m s\u0103 le citi\u0163i cu aten\u0163ie \u015fi s\u0103 v\u0103 familiariza\u0163i cu regulile pe care le aplic\u0103m. Ne rezerv\u0103m dreptul de a face modific\u0103ri \u015fi complet\u0103ri la ace\u015fti Termeni de utilizare f\u0103r\u0103 notificare prealabil\u0103.<\/p>\n<p><strong>Declara\u021bie de confiden\u021bialitate <\/strong><\/p>\n<p>\u00cen numele magazinului nostru online, ne angaj\u0103m s\u0103 protej\u0103m confiden\u0163ialitatea tuturor clien\u0163ilor no\u015ftri \u00een conformitate cu legea \u015fi reglement\u0103rile (GDPR) din Uniunea European\u0103 \u015fi cu prevedere din legisla\u0163ia local\u0103. Colect\u0103m doar datele de baz\u0103 necesare pentru clien\u0163i\/utilizatori \u015fi datele necesare pentru afaceri \u015fi informarea utilizatorilor \u00een conformitate cu bunele practici comerciale \u015fi pentru a oferi servicii de calitate. Oferim clien\u0163ilor o alegere, inclusiv posibilitatea de a decide dac\u0103 doresc sau nu s\u0103 fie \u015fter\u015fi din listele de discu\u0163ii utilizate pentru campaniile de marketing. Toate datele despre utilizatori\/clien\u0163i sunt strict p\u0103strate \u015fi sunt disponibile numai angaja\u0163ilor care au nevoie de aceste date pentru a face treab\u0103. To\u0163i angaja\u0163ii companiei noastre (\u015fi partenerii de afaceri) sunt responsabili pentru respectarea principiilor de confiden\u0163ialitate.<\/p>\n<p><strong>Pre\u0163uri <\/strong><\/p>\n<p>Toate pre\u0163urile produselor consemnate pe site includ TVA. Ne angaj\u0103m s\u0103 accept\u0103m orice pre\u0163 pe care a\u0163i f\u0103cut comanda de achizi\u0163ie, indiferent dac\u0103 pre\u0163ul produsului s-a modificat dup\u0103 crearea comenzii de cump\u0103rare. Dar avem dreptul de a anula comanda de cump\u0103rare prin trimiterea unei informa\u0163ii prin e-mail c\u0103tre consumator dac\u0103 a existat o eroare grav\u0103 la stabilirea pre\u0163ului pe site. Ve\u0163i primi o factur\u0103 la momentul achizi\u0163iei \u00een format electronic la adresa de e-mail pe care a\u0163i l\u0103sat-o la momentul achizi\u0163iei.<\/p>\n<p><strong>Livrare<\/strong><\/p>\n<p>Toate produsele expuse pe site-ul nostru sunt, de asemenea, \u00een stoc. \u00cen timpul achizi\u0163iei, clientul este obligat s\u0103 pl\u0103teasc\u0103 costurile de livrare la primirea m\u0103rfii, cu excep\u0163ia comenzii anumitor produse, care sunt marcate : \u00bblivrarea este inclus\u0103 \u00een pre\u0163\u00ab sau \u00bblivrarea gratuit\u0103\u00ab. Pentru livrarea comenzilor folosim serviciile de livrare GLS i Packeta. Am semnat un acord de cooperare comercial\u0103 cu toate serviciile de curierat men\u0163ionate. Termenul de livrare al produselor comandate dureaz\u0103 de la 2 la 5 zile lucr\u0103toare (din cauza situa\u0163iei COVID-19, exist\u0103 posibilitatea prelungirii termenului de livrare). Produsele comandate sunt livrate la adresa specificat\u0103 ca adres\u0103 de livrare.<\/p>\n<p><strong>Proprietate intelectual\u0103<\/strong><\/p>\n<p>Con\u0163inutul afi\u015fat pe acest site, cum ar fi pagini, elemente de design (butoane, pictograme etc.) texte, fotografii,sigle, \u00eenregistr\u0103ri audio \u015fi software sunt proprietatea noastr\u0103 sau partenerii no\u015ftri \u015fi nu pot fi utilizate f\u0103r\u0103 acordul nostru prealabil. Dac\u0103 crede\u0163i c\u0103, con\u0163inutul de pe site-ul nostru este al dvs. \u015fi a fost utilizat \u00een mod abuziv, v\u0103 rug\u0103m s\u0103 ne contacta\u0163i pentru a determina proprietatea intelectual\u0103. Toate informa\u0163iile disponibile pe site-ul web au doar un caracter informativ, nu pot fi utilizate \u00een scopuri comerciale sau distribuite c\u0103tre persoane ter\u0163e.<\/p>\n<p><strong>Comentarii, comunicare \u0219i alt con\u021binut l\u0103sat de vizitatori <\/strong><\/p>\n<p>Vizitatorii pot comenta produsele \u015fi pot trimite e-mailuri la e-mail-ul nostru. Avem dreptul de a nu publica comentarii care sunt r\u0103u inten\u0163ionate, con\u0163in declara\u0163ii obscene, r\u0103sp\u00e2ndesc ura \u015fi pun \u00een vreun pericol drepturile altora. Astfel de comentarii vor fi eliminate f\u0103r\u0103 informa\u0163ie prealabil\u0103. Uzurparea identit\u0103\u0163ii \u015fi \u00eenregistrarea cu adresa de e-mail a altcuiva nu este permis\u0103. Putem ini\u0163ia proceduri judiciate adecvate \u00eempotriva unor astfel de activit\u0103\u0163i.<\/p>\n<p><strong>Descrierea produsului<\/strong><\/p>\n<p>Este \u00een interesul nostru s\u0103 descriem toate produsele c\u00e2t mai exact posibil. De asemenea, nu garant\u0103m c\u0103 toate informa\u0163iile furnizate despre produs sunt corecte, complete, fiabile \u015fi f\u0103r\u0103 erori. \u00cen cazul \u00een care produsul pe care l-a\u0163i cump\u0103rat se abate de la datele men\u0163ionate pe site, \u00eel pute\u0163i returna \u00een stare nedeteriorat\u0103 cu echipamentul complet, care a fost livrat \u00eempreun\u0103 cu acesta \u015fi v\u0103 vom rambursa banii.<\/p>\n<p><strong>Programul de lucru <\/strong><\/p>\n<p>Programul nostru de lucru este de la 09-17h, 5 zile pe s\u0103pt\u0103m\u00e2n\u0103 (luni, mar\u0163i, miercuri, joi, vineri). \u00cen caz de probleme tehnice sau \u00een timpul \u00eentre\u0163inerii periodice, site-ul poate fi indisponibil pentru o perioad\u0103 scurt\u0103 de timp, despre care ve\u0163i fi informa\u0163i.<\/p>\n<p><strong>Modificarea (actualizarea) datelor de pe site<\/strong><\/p>\n<p>Noi rezerv\u0103m dreptul de a modifica informa\u0163iile afi\u015fate pe orice pagin\u0103 a site-ului \u00een orice moment, f\u0103r\u0103 informa\u0163ie prealabil\u0103. Vizitatorii site-ului nu au dreptul s\u0103 modifice unilateral condi\u0163iile de utilizare \u015fi orice modificare posibil\u0103 este invalid\u0103, cu excep\u0163ia cazului \u00een care ambele p\u0103r\u0163i sunt de acord \u00een scris.<\/p>\n<p><strong>Altele<\/strong><\/p>\n<p>Inaplicabilitatea par\u0163ial\u0103 sau complet\u0103 sau inegalitatea unei anumite prevederi a acestor Condi\u0163ii de utilizare, nu va afecta valabilitatea altor prevederi care r\u0103m\u00e2n \u00een vigoare \u00een ansamblu. O prevedere inaplicabil\u0103 sau ilegal\u0103 va fi \u00eenlocuit\u0103 cu o alt\u0103 prevedere adecvat\u0103. Sunte\u0163i de acord c\u0103 nu v\u0103 pute\u0163i transfera drepturile \u015fi obliga\u0163iile \u00een temeiul acestor Condi\u0163ii de utilizare c\u0103tre persoane ter\u0163e f\u0103r\u0103 consin\u0163\u0103m\u00e2ntul nostru explicit \u00een scris.<\/p>\n<p>&nbsp;<\/p>\n","protected":false},"excerpt":{"rendered":"<p>Compania: Condi\u021bii generale de afaceri NonStopShop.com\/ (\u00een continuare \u00bbnoi\u00ab, \u00bbnoi\u00ab, \u00bbnostru\u00ab, \u00bbna\u0161oj\u00ab, \u00bbnostru\u00ab itd..) este un magazin online de\u0163inut de compania ECTCEU doo, care func\u0163ioneaz\u0103 \u00een conformitate cu Legea comer\u0163ului electronic \u015fi cu toate celelalte legi \u015fi reglement\u0103ri aplicabile \u00een Uniunea European\u0103. Vizit\u00e2nd sau cump\u0103r\u00e2nd \u00een magazinul nostru online, accepta\u0163i condi\u0163iile de utilizare enumerate mai &hellip; <a href=\"https:\/\/non-stopshop.eu\/ro\/conditii-generale\/\">Continued<\/a><\/p>\n","protected":false},"author":1,"featured_media":0,"parent":0,"menu_order":0,"comment_status":"closed","ping_status":"closed","template":"","meta":{"inline_featured_image":false,"footnotes":""},"class_list":["post-100","page","type-page","status-publish","hentry"],"acf":[],"_links":{"self":[{"href":"https:\/\/non-stopshop.eu\/ro\/wp-json\/wp\/v2\/pages\/100","targetHints":{"allow":["GET"]}}],"collection":[{"href":"https:\/\/non-stopshop.eu\/ro\/wp-json\/wp\/v2\/pages"}],"about":[{"href":"https:\/\/non-stopshop.eu\/ro\/wp-json\/wp\/v2\/types\/page"}],"author":[{"embeddable":true,"href":"https:\/\/non-stopshop.eu\/ro\/wp-json\/wp\/v2\/users\/1"}],"replies":[{"embeddable":true,"href":"https:\/\/non-stopshop.eu\/ro\/wp-json\/wp\/v2\/comments?post=100"}],"version-history":[{"count":7,"href":"https:\/\/non-stopshop.eu\/ro\/wp-json\/wp\/v2\/pages\/100\/revisions"}],"predecessor-version":[{"id":9502,"href":"https:\/\/non-stopshop.eu\/ro\/wp-json\/wp\/v2\/pages\/100\/revisions\/9502"}],"wp:attachment":[{"href":"https:\/\/non-stopshop.eu\/ro\/wp-json\/wp\/v2\/media?parent=100"}],"curies":[{"name":"wp","href":"https:\/\/api.w.org\/{rel}","templated":true}]}}