{"id":102,"date":"2020-10-28T10:57:38","date_gmt":"2020-10-28T10:57:38","guid":{"rendered":"https:\/\/shopium.eu\/rs\/?page_id=102"},"modified":"2023-04-25T15:16:40","modified_gmt":"2023-04-25T13:16:40","slug":"reclamatii-si-inlocuire-marfuri","status":"publish","type":"page","link":"https:\/\/non-stopshop.eu\/ro\/reclamatii-si-inlocuire-marfuri\/","title":{"rendered":"Reclama\u021bii \u0219i \u00eenlocuire m\u0103rfuri"},"content":{"rendered":"<p><strong>RECLAMA\u0162II \u015eI \u00ceNLOCUIRI \u00a0<\/strong><\/p>\n<p><strong>Reclama\u0163ii <\/strong><\/p>\n<p>\u00cen cazul \u00een care ave\u0163i pl\u00e2ngeri cu privire la produs sau la serviciul nostru, nu ezita\u0163i s\u0103 ne contacta\u0163i ( ro@non-stopshop.eu ). Asigura\u0163\u0103-v\u0103 c\u0103 suntem preg\u0103ti\u0163i \u015fi capabili s\u0103 rezolv\u0103m orice situa\u0163ie care apare. Produsele care intr\u0103 \u00een contact direct cu pielea, din\u0163ii sau p\u0103r\u0163ile intime ale corpului nu sunt supuse reclama\u0163iei. De asemenea, produsele cu urme evidente de utilizare nu sunt supuse reclama\u0163iei!<\/p>\n<p><strong>Rambursarea sau \u00eenlocuirea produsului <\/strong><\/p>\n<p>\u00cen termen de 14 zile de la achizi\u0163ionarea produsului, ave\u0163i posibilitatea de a \u00eenlocui produsele achizi\u0163ionate. Pute\u0163i schimba produsul cu un alt produs sau pute\u0163i solicita o rambursare.<\/p>\n<p>Produsul pe care dori\u0163i s\u0103 \u00eel \u00eenlocui\u0163i trebuie s\u0103 fie nedeteriorat \u015fi returnat \u00een ambalajul original nedeteriorat cu toate echipamentele furnizate. <strong>\u00cen caz contrar, reclama\u0163ia dvs. va fi respins\u0103 sau par\u0163ial solu\u0163ionat\u0103!<\/strong><\/p>\n<p>\u00cen termen de 14 zile de la primirea coletului, ne pute\u0163i informa \u00een scris prin e-mail ( ro@non-stopshop.eu ) c\u0103 v\u0103 retrage\u0163i din contract \u015fi, \u00een plus, s\u0103 v\u0103 scrie\u0163i detaliile, precum \u015fi num\u0103rul de expediere sau s\u0103 ne trimite\u0163i o factur\u0103 electronic\u0103 pe care a\u0163i primit-o \u00een e-mail \u00een momentul achizi\u0163iei, astfel \u00eenc\u00e2t s\u0103 v\u0103 putem identifica comanda. \u00centre timp, aici pute\u0163i completa formularul care trebuie completat \u015fi returna produsul la adresa noastr\u0103 \u00een termen de 14 zile: (noi vom specifica adresele)<\/p>\n<p data-pm-slice=\"1 1 []\"><strong>ECTCEU d.o.o., Kamni\u0161ka cesta 24, 1235 Radomlje, Slovenia<\/strong><\/p>\n<p><strong><em>E-mail-ul la care trebuie s\u0103 scrie\u021bi \u00een caz de reclama\u021bie sau \u00eenlocuire:\u00a0 ro@non-stopshop.eu<\/em><\/strong><\/p>\n<p><strong>Ramburs\u0103m banii dup\u0103 primirea coletului de returnare! <\/strong><\/p>\n<p>Formular de \u00eenlocuire a produsului:<a href=\"https:\/\/bit.ly\/3kykiz1\"> https:\/\/bit.ly\/<\/a><\/p>\n<p>Formular de rambursarea banilor: <a href=\"https:\/\/bit.ly\/2Cfgr8N\">https:\/\/bit.ly\/<\/a><\/p>\n<p><strong>Note: <\/strong><\/p>\n<p>Costul expedierii coletului este suportat de c\u0103tre expeditor. Nu accept\u0103m expedieri de r\u0103scump\u0103rare!<\/p>\n<p>\u00cen czul \u00een care nu completa\u0163i formularul de retragere \u00een termen de 14 zile de la preluarea expedierii, nu este posibil\u0103 rambursarea banilor sau schimbul de bunuri!<\/p>\n<p>\u00cen termen de 8 zile lucr\u0103toare de la primirea coletului, produsul va fi \u00eenlocuit sau banii vor fi rambursa\u0163i.<\/p>\n","protected":false},"excerpt":{"rendered":"<p>RECLAMA\u0162II \u015eI \u00ceNLOCUIRI \u00a0 Reclama\u0163ii \u00cen cazul \u00een care ave\u0163i pl\u00e2ngeri cu privire la produs sau la serviciul nostru, nu ezita\u0163i s\u0103 ne contacta\u0163i ( ro@non-stopshop.eu ). Asigura\u0163\u0103-v\u0103 c\u0103 suntem preg\u0103ti\u0163i \u015fi capabili s\u0103 rezolv\u0103m orice situa\u0163ie care apare. Produsele care intr\u0103 \u00een contact direct cu pielea, din\u0163ii sau p\u0103r\u0163ile intime ale corpului nu sunt &hellip; <a href=\"https:\/\/non-stopshop.eu\/ro\/reclamatii-si-inlocuire-marfuri\/\">Continued<\/a><\/p>\n","protected":false},"author":1,"featured_media":0,"parent":0,"menu_order":0,"comment_status":"closed","ping_status":"closed","template":"","meta":{"inline_featured_image":false,"footnotes":""},"class_list":["post-102","page","type-page","status-publish","hentry"],"acf":[],"_links":{"self":[{"href":"https:\/\/non-stopshop.eu\/ro\/wp-json\/wp\/v2\/pages\/102","targetHints":{"allow":["GET"]}}],"collection":[{"href":"https:\/\/non-stopshop.eu\/ro\/wp-json\/wp\/v2\/pages"}],"about":[{"href":"https:\/\/non-stopshop.eu\/ro\/wp-json\/wp\/v2\/types\/page"}],"author":[{"embeddable":true,"href":"https:\/\/non-stopshop.eu\/ro\/wp-json\/wp\/v2\/users\/1"}],"replies":[{"embeddable":true,"href":"https:\/\/non-stopshop.eu\/ro\/wp-json\/wp\/v2\/comments?post=102"}],"version-history":[{"count":15,"href":"https:\/\/non-stopshop.eu\/ro\/wp-json\/wp\/v2\/pages\/102\/revisions"}],"predecessor-version":[{"id":9501,"href":"https:\/\/non-stopshop.eu\/ro\/wp-json\/wp\/v2\/pages\/102\/revisions\/9501"}],"wp:attachment":[{"href":"https:\/\/non-stopshop.eu\/ro\/wp-json\/wp\/v2\/media?parent=102"}],"curies":[{"name":"wp","href":"https:\/\/api.w.org\/{rel}","templated":true}]}}