{"id":104,"date":"2020-10-28T10:57:46","date_gmt":"2020-10-28T10:57:46","guid":{"rendered":"https:\/\/shopium.eu\/rs\/?page_id=104"},"modified":"2021-01-08T16:58:24","modified_gmt":"2021-01-08T15:58:24","slug":"despre-noi","status":"publish","type":"page","link":"https:\/\/non-stopshop.eu\/ro\/despre-noi\/","title":{"rendered":"Despre noi"},"content":{"rendered":"<p><strong>G\u00e2ndirea noastr\u0103 prin prisma BRAND-ului \u2013 cine suntem \u015fi de ce exist\u0103m at\u00e2t de mult timp?<\/strong><\/p>\n<p>\u00cen stilul de via\u0163\u0103 agitat de ast\u0103zi, orice afacere se bazeaz\u0103 pe ob\u0163inerea unui profit c\u00e2t mai mare posibil. Dar chiar \u015fi asta este dep\u0103\u015fit \u00een conformitate cu schimb\u0103rile zilnice din lume, iar profitul pur \u015fi simplu nu este suficient pentru a atinge obiectivul unei singure p\u0103r\u0163i.<br \/>\nUneori, cel mai bine este s\u0103 privim lucrurile dintr-un punct de vedere diferit, adesea mai realist, pentru a vedea ce este cu adev\u0103rat necesar pentru a ne urca un pas mai sus.<br \/>\n\u00cen consecin\u0163\u0103, am \u00eenceput \u00eenc\u0103 \u00een 2018 s\u0103 anchet\u0103m persoanele cu un obiectiv primar pentru a vedea de ce au nevoie oamenii cu adev\u0103rat \u00een via\u0163a zilnic\u0103 \u015fi ne-am adaptat modelul de afaceri \u00een consecin\u0163\u0103.<\/p>\n<p><strong>Scopul nostru:<\/strong><br \/>\nPia\u0163a mondial\u0103 a internetului este inundat\u0103 de un num\u0103r nesf\u00e2r\u015fit de produse oferite de toate p\u0103r\u0163ile, iar simpla comandare a acestora este o mare problem\u0103 \u015fi o \u00eencurc\u0103tur\u0103, motiv pentru care oamenii au rezerve atunci c\u00e2nd vine vorba de astfel de lucruri.<br \/>\nDevine dificil s\u0103 distingem care magazine online are un model de afaceri bine dezvoltat \u015fi o organiza\u0163ie la un nivel \u00eenalt \u00een care prioritatea o are clientul \u015fi achizi\u0163ionarea \u00een condi\u0163ii de siguran\u0163\u0103!<br \/>\nToate acestea nu ar trebui s\u0103 fie motive pentru care nu ar trebui s\u0103 ne putem bucura de curiozit\u0103\u0163ile care ne sunt disponibile numai online, de aceea suntem aici pentru a v\u0103 servi drept filtru \u015fi o op\u0163iune sigur\u0103 pentru curio\u015fi ca noi.<br \/>\n\u00cen conformitate cu pia\u0163a global\u0103 de internet pe care o monitoriz\u0103m constant, dorim s\u0103 adun\u0103m toate cele mai bune \u015fi mai necesare produse de trend \u00eentr-un singur loc, care s\u0103 v\u0103 fac\u0103 mai fericit \u015fi s\u0103 v\u0103 u\u015fureze via\u0163a de zi cu zi.<br \/>\nUnul dintre parametrii care s-au dovedit a fi primari \u00een timpul sondajului nostru este livrarea rapid\u0103, astfel \u00eenc\u00e2t, \u00een conformitate cu aceasta, p\u0103str\u0103m toate produsele pe care le avem pe site \u00een stoc real \u00een depozitele noastre din Europa, astfel \u00eenc\u00e2t acestea s\u0103 fie disponibile acum \u015fi imediat!<br \/>\nCu siguran\u0163\u0103, cea mai important\u0103 parte este calitatea produsului \u015fi de aceea test\u0103m \u015fi verific\u0103m cu aten\u0163ie toate func\u0163ionalit\u0103\u0163ile fiec\u0103rui produs \u00eenainte de a-l introduce pe pia\u0163\u0103, pentru a ne asigura c\u0103 produsul corespunde \u00eentr-adev\u0103r standardelor de calitate afi\u015fate.<\/p>\n<p><strong>Motto-ul nostru:<\/strong><br \/>\nC\u0103ut\u0103m pia\u021ba pentru dvs. \u0219i din cauza produselor pe care le iubi\u021bi &#8211; f\u0103r\u0103 riscul dvs.!<\/p>\n","protected":false},"excerpt":{"rendered":"<p>G\u00e2ndirea noastr\u0103 prin prisma BRAND-ului \u2013 cine suntem \u015fi de ce exist\u0103m at\u00e2t de mult timp? \u00cen stilul de via\u0163\u0103 agitat de ast\u0103zi, orice afacere se bazeaz\u0103 pe ob\u0163inerea unui profit c\u00e2t mai mare posibil. Dar chiar \u015fi asta este dep\u0103\u015fit \u00een conformitate cu schimb\u0103rile zilnice din lume, iar profitul pur \u015fi simplu nu este &hellip; <a href=\"https:\/\/non-stopshop.eu\/ro\/despre-noi\/\">Continued<\/a><\/p>\n","protected":false},"author":1,"featured_media":0,"parent":0,"menu_order":0,"comment_status":"closed","ping_status":"closed","template":"","meta":{"inline_featured_image":false,"footnotes":""},"class_list":["post-104","page","type-page","status-publish","hentry"],"acf":[],"_links":{"self":[{"href":"https:\/\/non-stopshop.eu\/ro\/wp-json\/wp\/v2\/pages\/104","targetHints":{"allow":["GET"]}}],"collection":[{"href":"https:\/\/non-stopshop.eu\/ro\/wp-json\/wp\/v2\/pages"}],"about":[{"href":"https:\/\/non-stopshop.eu\/ro\/wp-json\/wp\/v2\/types\/page"}],"author":[{"embeddable":true,"href":"https:\/\/non-stopshop.eu\/ro\/wp-json\/wp\/v2\/users\/1"}],"replies":[{"embeddable":true,"href":"https:\/\/non-stopshop.eu\/ro\/wp-json\/wp\/v2\/comments?post=104"}],"version-history":[{"count":3,"href":"https:\/\/non-stopshop.eu\/ro\/wp-json\/wp\/v2\/pages\/104\/revisions"}],"predecessor-version":[{"id":754,"href":"https:\/\/non-stopshop.eu\/ro\/wp-json\/wp\/v2\/pages\/104\/revisions\/754"}],"wp:attachment":[{"href":"https:\/\/non-stopshop.eu\/ro\/wp-json\/wp\/v2\/media?parent=104"}],"curies":[{"name":"wp","href":"https:\/\/api.w.org\/{rel}","templated":true}]}}