{"id":10281,"date":"2023-08-11T14:11:30","date_gmt":"2023-08-11T12:11:30","guid":{"rendered":"https:\/\/non-stopshop.eu\/ro\/?post_type=product&#038;p=10281"},"modified":"2023-11-10T10:23:26","modified_gmt":"2023-11-10T09:23:26","slug":"antrenor-de-talie","status":"publish","type":"product","link":"https:\/\/non-stopshop.eu\/ro\/produs\/antrenor-de-talie\/","title":{"rendered":"Antrenor de talie"},"content":{"rendered":"","protected":false},"excerpt":{"rendered":"<p>O band\u0103 elastic\u0103 confortabil\u0103 \u0219i respirabil\u0103 pentru talie \u0219i spate v\u0103 ofer\u0103 un sentiment de siguran\u021b\u0103 \u0219i u\u0219urin\u021b\u0103 \u00een mi\u0219care. Reduce durerile de spate \u0219i arde caloriile mai repede, iar celulita dispare chiar \u0219i de 2-3 ori mai repede cu aceast\u0103 band\u0103.<\/p>\n","protected":false},"featured_media":10290,"comment_status":"closed","ping_status":"closed","template":"","meta":{"inline_featured_image":false},"product_brand":[],"product_cat":[15,28,26],"product_tag":[],"class_list":{"0":"post-10281","1":"product","2":"type-product","3":"status-publish","4":"has-post-thumbnail","6":"product_cat-uncategorized","7":"product_cat-beauty","8":"product_cat-health","10":"first","11":"instock","12":"sale","13":"taxable","14":"shipping-taxable","15":"purchasable","16":"product-type-simple"},"acf":[],"_links":{"self":[{"href":"https:\/\/non-stopshop.eu\/ro\/wp-json\/wp\/v2\/product\/10281","targetHints":{"allow":["GET"]}}],"collection":[{"href":"https:\/\/non-stopshop.eu\/ro\/wp-json\/wp\/v2\/product"}],"about":[{"href":"https:\/\/non-stopshop.eu\/ro\/wp-json\/wp\/v2\/types\/product"}],"replies":[{"embeddable":true,"href":"https:\/\/non-stopshop.eu\/ro\/wp-json\/wp\/v2\/comments?post=10281"}],"wp:featuredmedia":[{"embeddable":true,"href":"https:\/\/non-stopshop.eu\/ro\/wp-json\/wp\/v2\/media\/10290"}],"wp:attachment":[{"href":"https:\/\/non-stopshop.eu\/ro\/wp-json\/wp\/v2\/media?parent=10281"}],"wp:term":[{"taxonomy":"product_brand","embeddable":true,"href":"https:\/\/non-stopshop.eu\/ro\/wp-json\/wp\/v2\/product_brand?post=10281"},{"taxonomy":"product_cat","embeddable":true,"href":"https:\/\/non-stopshop.eu\/ro\/wp-json\/wp\/v2\/product_cat?post=10281"},{"taxonomy":"product_tag","embeddable":true,"href":"https:\/\/non-stopshop.eu\/ro\/wp-json\/wp\/v2\/product_tag?post=10281"}],"curies":[{"name":"wp","href":"https:\/\/api.w.org\/{rel}","templated":true}]}}