{"id":11339,"date":"2023-11-06T14:14:04","date_gmt":"2023-11-06T13:14:04","guid":{"rendered":"https:\/\/non-stopshop.eu\/ro\/?post_type=product&#038;p=11339"},"modified":"2023-11-08T16:04:08","modified_gmt":"2023-11-08T15:04:08","slug":"aspirator-si-sterilizator","status":"publish","type":"product","link":"https:\/\/non-stopshop.eu\/ro\/produs\/aspirator-si-sterilizator\/","title":{"rendered":"Aspirator \u0219i sterilizator"},"content":{"rendered":"","protected":false},"excerpt":{"rendered":"<p>Sterilizatorul UV \u0219i aspiratorul de praf \u0219i acarieni v\u0103 garanteaz\u0103 un mediu proasp\u0103t \u0219i sigur. R\u0103sf\u0103\u021ba\u021bi-v\u0103 cu o cas\u0103 optim curat\u0103!<\/p>\n","protected":false},"featured_media":11351,"comment_status":"closed","ping_status":"closed","template":"","meta":{"inline_featured_image":false},"product_brand":[],"product_cat":[15,27],"product_tag":[],"class_list":{"0":"post-11339","1":"product","2":"type-product","3":"status-publish","4":"has-post-thumbnail","6":"product_cat-uncategorized","7":"product_cat-home","9":"first","10":"instock","11":"sale","12":"taxable","13":"shipping-taxable","14":"purchasable","15":"product-type-simple"},"acf":[],"_links":{"self":[{"href":"https:\/\/non-stopshop.eu\/ro\/wp-json\/wp\/v2\/product\/11339","targetHints":{"allow":["GET"]}}],"collection":[{"href":"https:\/\/non-stopshop.eu\/ro\/wp-json\/wp\/v2\/product"}],"about":[{"href":"https:\/\/non-stopshop.eu\/ro\/wp-json\/wp\/v2\/types\/product"}],"replies":[{"embeddable":true,"href":"https:\/\/non-stopshop.eu\/ro\/wp-json\/wp\/v2\/comments?post=11339"}],"wp:featuredmedia":[{"embeddable":true,"href":"https:\/\/non-stopshop.eu\/ro\/wp-json\/wp\/v2\/media\/11351"}],"wp:attachment":[{"href":"https:\/\/non-stopshop.eu\/ro\/wp-json\/wp\/v2\/media?parent=11339"}],"wp:term":[{"taxonomy":"product_brand","embeddable":true,"href":"https:\/\/non-stopshop.eu\/ro\/wp-json\/wp\/v2\/product_brand?post=11339"},{"taxonomy":"product_cat","embeddable":true,"href":"https:\/\/non-stopshop.eu\/ro\/wp-json\/wp\/v2\/product_cat?post=11339"},{"taxonomy":"product_tag","embeddable":true,"href":"https:\/\/non-stopshop.eu\/ro\/wp-json\/wp\/v2\/product_tag?post=11339"}],"curies":[{"name":"wp","href":"https:\/\/api.w.org\/{rel}","templated":true}]}}