{"id":11379,"date":"2023-11-06T14:30:38","date_gmt":"2023-11-06T13:30:38","guid":{"rendered":"https:\/\/non-stopshop.eu\/ro\/?post_type=product&#038;p=11379"},"modified":"2023-11-29T09:12:35","modified_gmt":"2023-11-29T08:12:35","slug":"capcana-pentru-animale-de-inalta-calitate","status":"publish","type":"product","link":"https:\/\/non-stopshop.eu\/ro\/produs\/capcana-pentru-animale-de-inalta-calitate\/","title":{"rendered":"Capcan\u0103 pentru animale de \u00eenalt\u0103 calitate"},"content":{"rendered":"","protected":false},"excerpt":{"rendered":"<p>O capcan\u0103 uman\u0103 pentru animale special conceput\u0103 pentru a captura prada u\u0219or \u0219i f\u0103r\u0103 durere.<\/p>\n","protected":false},"featured_media":11383,"comment_status":"closed","ping_status":"closed","template":"","meta":{"inline_featured_image":false},"product_brand":[],"product_cat":[15,27],"product_tag":[],"class_list":{"0":"post-11379","1":"product","2":"type-product","3":"status-publish","4":"has-post-thumbnail","6":"product_cat-uncategorized","7":"product_cat-home","9":"first","10":"instock","11":"sale","12":"taxable","13":"shipping-taxable","14":"purchasable","15":"product-type-simple"},"acf":[],"_links":{"self":[{"href":"https:\/\/non-stopshop.eu\/ro\/wp-json\/wp\/v2\/product\/11379","targetHints":{"allow":["GET"]}}],"collection":[{"href":"https:\/\/non-stopshop.eu\/ro\/wp-json\/wp\/v2\/product"}],"about":[{"href":"https:\/\/non-stopshop.eu\/ro\/wp-json\/wp\/v2\/types\/product"}],"replies":[{"embeddable":true,"href":"https:\/\/non-stopshop.eu\/ro\/wp-json\/wp\/v2\/comments?post=11379"}],"wp:featuredmedia":[{"embeddable":true,"href":"https:\/\/non-stopshop.eu\/ro\/wp-json\/wp\/v2\/media\/11383"}],"wp:attachment":[{"href":"https:\/\/non-stopshop.eu\/ro\/wp-json\/wp\/v2\/media?parent=11379"}],"wp:term":[{"taxonomy":"product_brand","embeddable":true,"href":"https:\/\/non-stopshop.eu\/ro\/wp-json\/wp\/v2\/product_brand?post=11379"},{"taxonomy":"product_cat","embeddable":true,"href":"https:\/\/non-stopshop.eu\/ro\/wp-json\/wp\/v2\/product_cat?post=11379"},{"taxonomy":"product_tag","embeddable":true,"href":"https:\/\/non-stopshop.eu\/ro\/wp-json\/wp\/v2\/product_tag?post=11379"}],"curies":[{"name":"wp","href":"https:\/\/api.w.org\/{rel}","templated":true}]}}