{"id":11812,"date":"2023-12-05T10:07:56","date_gmt":"2023-12-05T09:07:56","guid":{"rendered":"https:\/\/non-stopshop.eu\/ro\/?post_type=product&#038;p=11812"},"modified":"2023-12-05T12:08:03","modified_gmt":"2023-12-05T11:08:03","slug":"aparat-multifunctional-fitness","status":"publish","type":"product","link":"https:\/\/non-stopshop.eu\/ro\/produs\/aparat-multifunctional-fitness\/","title":{"rendered":"Aparat multifunc\u021bional fitness"},"content":{"rendered":"","protected":false},"excerpt":{"rendered":"<p>Aparatul ideal pentru \u00eent\u0103rirea mu\u0219chilor! \u00cent\u0103ri\u021bi spatele, umerii, bra\u021bele, pieptul, tricepsul \u0219i abdomenul, inclusiv flexorii \u0219oldului. Fii \u00een form\u0103 maxim\u0103 cu un singur dispozitiv!<\/p>\n","protected":false},"featured_media":11820,"comment_status":"closed","ping_status":"closed","template":"","meta":{"inline_featured_image":false},"product_brand":[],"product_cat":[15,28,26],"product_tag":[],"class_list":{"0":"post-11812","1":"product","2":"type-product","3":"status-publish","4":"has-post-thumbnail","6":"product_cat-uncategorized","7":"product_cat-beauty","8":"product_cat-health","10":"first","11":"instock","12":"sale","13":"taxable","14":"shipping-taxable","15":"purchasable","16":"product-type-simple"},"acf":[],"_links":{"self":[{"href":"https:\/\/non-stopshop.eu\/ro\/wp-json\/wp\/v2\/product\/11812","targetHints":{"allow":["GET"]}}],"collection":[{"href":"https:\/\/non-stopshop.eu\/ro\/wp-json\/wp\/v2\/product"}],"about":[{"href":"https:\/\/non-stopshop.eu\/ro\/wp-json\/wp\/v2\/types\/product"}],"replies":[{"embeddable":true,"href":"https:\/\/non-stopshop.eu\/ro\/wp-json\/wp\/v2\/comments?post=11812"}],"wp:featuredmedia":[{"embeddable":true,"href":"https:\/\/non-stopshop.eu\/ro\/wp-json\/wp\/v2\/media\/11820"}],"wp:attachment":[{"href":"https:\/\/non-stopshop.eu\/ro\/wp-json\/wp\/v2\/media?parent=11812"}],"wp:term":[{"taxonomy":"product_brand","embeddable":true,"href":"https:\/\/non-stopshop.eu\/ro\/wp-json\/wp\/v2\/product_brand?post=11812"},{"taxonomy":"product_cat","embeddable":true,"href":"https:\/\/non-stopshop.eu\/ro\/wp-json\/wp\/v2\/product_cat?post=11812"},{"taxonomy":"product_tag","embeddable":true,"href":"https:\/\/non-stopshop.eu\/ro\/wp-json\/wp\/v2\/product_tag?post=11812"}],"curies":[{"name":"wp","href":"https:\/\/api.w.org\/{rel}","templated":true}]}}