{"id":1394,"date":"2021-02-17T08:55:10","date_gmt":"2021-02-17T07:55:10","guid":{"rendered":"https:\/\/shopium.eu\/ro\/?post_type=product&#038;p=1394"},"modified":"2021-10-06T14:45:18","modified_gmt":"2021-10-06T12:45:18","slug":"banda-izolatoare-lichida-flextape","status":"publish","type":"product","link":"https:\/\/non-stopshop.eu\/ro\/produs\/banda-izolatoare-lichida-flextape\/","title":{"rendered":"Banda izolatoare lichid\u0103 &#8211; FlexTape"},"content":{"rendered":"<p>Solu\u021bia perfect\u0103 pentru izolarea tuturor conexiunilor electrice cu acest lichid izolant ultra-practic \u0219i sigur va face ca toate conexiunile s\u0103 fie complet sigure f\u0103r\u0103 s\u0103 cad\u0103 ca la benzile izolatoare clasice.<\/p>\n","protected":false},"excerpt":{"rendered":"<p>Solu\u021bia perfect\u0103 pentru izolarea tuturor conexiunilor electrice cu acest lichid izolant ultra-practic \u0219i sigur va face ca toate conexiunile s\u0103 fie complet sigure f\u0103r\u0103 s\u0103 cad\u0103 ca la benzile izolatoare clasice.<\/p>\n","protected":false},"featured_media":724,"comment_status":"closed","ping_status":"closed","template":"","meta":{"inline_featured_image":false},"product_brand":[],"product_cat":[15],"product_tag":[],"class_list":{"0":"post-1394","1":"product","2":"type-product","3":"status-publish","4":"has-post-thumbnail","6":"product_cat-uncategorized","8":"first","9":"instock","10":"sale","11":"taxable","12":"shipping-taxable","13":"purchasable","14":"product-type-simple"},"acf":[],"_links":{"self":[{"href":"https:\/\/non-stopshop.eu\/ro\/wp-json\/wp\/v2\/product\/1394","targetHints":{"allow":["GET"]}}],"collection":[{"href":"https:\/\/non-stopshop.eu\/ro\/wp-json\/wp\/v2\/product"}],"about":[{"href":"https:\/\/non-stopshop.eu\/ro\/wp-json\/wp\/v2\/types\/product"}],"replies":[{"embeddable":true,"href":"https:\/\/non-stopshop.eu\/ro\/wp-json\/wp\/v2\/comments?post=1394"}],"wp:featuredmedia":[{"embeddable":true,"href":"https:\/\/non-stopshop.eu\/ro\/wp-json\/wp\/v2\/media\/724"}],"wp:attachment":[{"href":"https:\/\/non-stopshop.eu\/ro\/wp-json\/wp\/v2\/media?parent=1394"}],"wp:term":[{"taxonomy":"product_brand","embeddable":true,"href":"https:\/\/non-stopshop.eu\/ro\/wp-json\/wp\/v2\/product_brand?post=1394"},{"taxonomy":"product_cat","embeddable":true,"href":"https:\/\/non-stopshop.eu\/ro\/wp-json\/wp\/v2\/product_cat?post=1394"},{"taxonomy":"product_tag","embeddable":true,"href":"https:\/\/non-stopshop.eu\/ro\/wp-json\/wp\/v2\/product_tag?post=1394"}],"curies":[{"name":"wp","href":"https:\/\/api.w.org\/{rel}","templated":true}]}}