{"id":1887,"date":"2021-03-10T11:34:20","date_gmt":"2021-03-10T10:34:20","guid":{"rendered":"https:\/\/shopium.eu\/ro\/?post_type=product&#038;p=1887"},"modified":"2021-03-15T11:21:39","modified_gmt":"2021-03-15T10:21:39","slug":"lansator-automat-de-proiectile-rapidblaster","status":"publish","type":"product","link":"https:\/\/non-stopshop.eu\/ro\/produs\/lansator-automat-de-proiectile-rapidblaster\/","title":{"rendered":"Lansator automat de proiectile  &#8211; RapidBlaster"},"content":{"rendered":"","protected":false},"excerpt":{"rendered":"<p>Juc\u0103ria RapidBlaster pentru toate genera\u0163iile cu posibilitatea de tragere automat\u0103 a muni\u0163iei cu care, pe l\u00e2ng\u0103 divertisment de top, v\u0103 ve\u0163i \u00eembun\u0103t\u0103\u0163i abilit\u0103\u0163ile de \u0163intire \u015fi tragere.<\/p>\n","protected":false},"featured_media":1897,"comment_status":"closed","ping_status":"closed","template":"","meta":{"inline_featured_image":false},"product_brand":[],"product_cat":[15],"product_tag":[],"class_list":{"0":"post-1887","1":"product","2":"type-product","3":"status-publish","4":"has-post-thumbnail","6":"product_cat-uncategorized","8":"first","9":"instock","10":"sale","11":"taxable","12":"shipping-taxable","13":"purchasable","14":"product-type-simple"},"acf":[],"_links":{"self":[{"href":"https:\/\/non-stopshop.eu\/ro\/wp-json\/wp\/v2\/product\/1887","targetHints":{"allow":["GET"]}}],"collection":[{"href":"https:\/\/non-stopshop.eu\/ro\/wp-json\/wp\/v2\/product"}],"about":[{"href":"https:\/\/non-stopshop.eu\/ro\/wp-json\/wp\/v2\/types\/product"}],"replies":[{"embeddable":true,"href":"https:\/\/non-stopshop.eu\/ro\/wp-json\/wp\/v2\/comments?post=1887"}],"wp:featuredmedia":[{"embeddable":true,"href":"https:\/\/non-stopshop.eu\/ro\/wp-json\/wp\/v2\/media\/1897"}],"wp:attachment":[{"href":"https:\/\/non-stopshop.eu\/ro\/wp-json\/wp\/v2\/media?parent=1887"}],"wp:term":[{"taxonomy":"product_brand","embeddable":true,"href":"https:\/\/non-stopshop.eu\/ro\/wp-json\/wp\/v2\/product_brand?post=1887"},{"taxonomy":"product_cat","embeddable":true,"href":"https:\/\/non-stopshop.eu\/ro\/wp-json\/wp\/v2\/product_cat?post=1887"},{"taxonomy":"product_tag","embeddable":true,"href":"https:\/\/non-stopshop.eu\/ro\/wp-json\/wp\/v2\/product_tag?post=1887"}],"curies":[{"name":"wp","href":"https:\/\/api.w.org\/{rel}","templated":true}]}}