{"id":260,"date":"2020-11-30T14:53:39","date_gmt":"2020-11-30T13:53:39","guid":{"rendered":"https:\/\/shopium.eu\/rs\/?post_type=product&#038;p=260"},"modified":"2021-12-03T15:55:31","modified_gmt":"2021-12-03T14:55:31","slug":"touchstrong","status":"publish","type":"product","link":"https:\/\/non-stopshop.eu\/ro\/produs\/touchstrong\/","title":{"rendered":"M\u0103nu\u0219i militare tactice  &#8211; TouchStrong"},"content":{"rendered":"<p>M\u0103nu\u0219ile militare perfecte Touch Screen ideale pentru toate tipurile de sport sau pentru diverse activit\u0103\u021bi \u00een aer liber, f\u0103r\u0103 zg\u00e2rieturi, v\u00e2n\u0103t\u0103i sau deger\u0103turi.<\/p>\n","protected":false},"excerpt":{"rendered":"<p>M\u0103nu\u0219ile militare perfecte Touch Screen ideale pentru toate tipurile de sport sau pentru diverse activit\u0103\u021bi \u00een aer liber, f\u0103r\u0103 zg\u00e2rieturi, v\u00e2n\u0103t\u0103i sau deger\u0103turi.<\/p>\n","protected":false},"featured_media":1253,"comment_status":"closed","ping_status":"closed","template":"","meta":{"inline_featured_image":false},"product_brand":[],"product_cat":[15,25,27,24,36,35],"product_tag":[],"class_list":{"0":"post-260","1":"product","2":"type-product","3":"status-publish","4":"has-post-thumbnail","6":"product_cat-uncategorized","7":"product_cat-car","8":"product_cat-home","9":"product_cat-sale","10":"product_cat-seasonal-discounts","11":"product_cat-fun","13":"first","14":"instock","15":"sale","16":"taxable","17":"shipping-taxable","18":"purchasable","19":"product-type-simple"},"acf":[],"_links":{"self":[{"href":"https:\/\/non-stopshop.eu\/ro\/wp-json\/wp\/v2\/product\/260","targetHints":{"allow":["GET"]}}],"collection":[{"href":"https:\/\/non-stopshop.eu\/ro\/wp-json\/wp\/v2\/product"}],"about":[{"href":"https:\/\/non-stopshop.eu\/ro\/wp-json\/wp\/v2\/types\/product"}],"replies":[{"embeddable":true,"href":"https:\/\/non-stopshop.eu\/ro\/wp-json\/wp\/v2\/comments?post=260"}],"wp:featuredmedia":[{"embeddable":true,"href":"https:\/\/non-stopshop.eu\/ro\/wp-json\/wp\/v2\/media\/1253"}],"wp:attachment":[{"href":"https:\/\/non-stopshop.eu\/ro\/wp-json\/wp\/v2\/media?parent=260"}],"wp:term":[{"taxonomy":"product_brand","embeddable":true,"href":"https:\/\/non-stopshop.eu\/ro\/wp-json\/wp\/v2\/product_brand?post=260"},{"taxonomy":"product_cat","embeddable":true,"href":"https:\/\/non-stopshop.eu\/ro\/wp-json\/wp\/v2\/product_cat?post=260"},{"taxonomy":"product_tag","embeddable":true,"href":"https:\/\/non-stopshop.eu\/ro\/wp-json\/wp\/v2\/product_tag?post=260"}],"curies":[{"name":"wp","href":"https:\/\/api.w.org\/{rel}","templated":true}]}}