{"id":2622,"date":"2021-03-26T11:40:56","date_gmt":"2021-03-26T10:40:56","guid":{"rendered":"https:\/\/shopium.eu\/ro\/?post_type=product&#038;p=2622"},"modified":"2021-10-06T14:49:45","modified_gmt":"2021-10-06T12:49:45","slug":"suport-auto-pentru-telefon-autostand","status":"publish","type":"product","link":"https:\/\/non-stopshop.eu\/ro\/produs\/suport-auto-pentru-telefon-autostand\/","title":{"rendered":"Suport auto pentru telefon &#8211; AutoStand"},"content":{"rendered":"","protected":false},"excerpt":{"rendered":"<p><span style=\"font-weight: 400\">Suportul de telefon ultra-stabil, robust \u015fi antiderapant CollabCar permite utilizarea u\u015foar\u0103 \u015fi sigur\u0103 a telefonului \u00een timp ce conduce\u0163i pentru toate tipurile de activit\u0103\u0163i, cum ar fi apelurile, utilizarea gps-ului \u015fi altele.\u00a0<\/span><\/p>\n","protected":false},"featured_media":2626,"comment_status":"closed","ping_status":"closed","template":"","meta":{"inline_featured_image":false},"product_brand":[],"product_cat":[15,25],"product_tag":[],"class_list":{"0":"post-2622","1":"product","2":"type-product","3":"status-publish","4":"has-post-thumbnail","6":"product_cat-uncategorized","7":"product_cat-car","9":"first","10":"instock","11":"sale","12":"taxable","13":"shipping-taxable","14":"purchasable","15":"product-type-simple"},"acf":[],"_links":{"self":[{"href":"https:\/\/non-stopshop.eu\/ro\/wp-json\/wp\/v2\/product\/2622","targetHints":{"allow":["GET"]}}],"collection":[{"href":"https:\/\/non-stopshop.eu\/ro\/wp-json\/wp\/v2\/product"}],"about":[{"href":"https:\/\/non-stopshop.eu\/ro\/wp-json\/wp\/v2\/types\/product"}],"replies":[{"embeddable":true,"href":"https:\/\/non-stopshop.eu\/ro\/wp-json\/wp\/v2\/comments?post=2622"}],"wp:featuredmedia":[{"embeddable":true,"href":"https:\/\/non-stopshop.eu\/ro\/wp-json\/wp\/v2\/media\/2626"}],"wp:attachment":[{"href":"https:\/\/non-stopshop.eu\/ro\/wp-json\/wp\/v2\/media?parent=2622"}],"wp:term":[{"taxonomy":"product_brand","embeddable":true,"href":"https:\/\/non-stopshop.eu\/ro\/wp-json\/wp\/v2\/product_brand?post=2622"},{"taxonomy":"product_cat","embeddable":true,"href":"https:\/\/non-stopshop.eu\/ro\/wp-json\/wp\/v2\/product_cat?post=2622"},{"taxonomy":"product_tag","embeddable":true,"href":"https:\/\/non-stopshop.eu\/ro\/wp-json\/wp\/v2\/product_tag?post=2622"}],"curies":[{"name":"wp","href":"https:\/\/api.w.org\/{rel}","templated":true}]}}