{"id":3132,"date":"2021-04-05T09:21:24","date_gmt":"2021-04-05T07:21:24","guid":{"rendered":"https:\/\/shopium.eu\/ro\/?post_type=product&#038;p=3132"},"modified":"2021-04-09T15:31:41","modified_gmt":"2021-04-09T13:31:41","slug":"lama-pentru-masina-de-tuns-iarba-de-inalta-calitate-grassd","status":"publish","type":"product","link":"https:\/\/non-stopshop.eu\/ro\/produs\/lama-pentru-masina-de-tuns-iarba-de-inalta-calitate-grassd\/","title":{"rendered":"Lam\u0103 pentru ma\u015fina de tuns iarba de \u00eenalt\u0103 calitate &#8211; Grassd"},"content":{"rendered":"","protected":false},"excerpt":{"rendered":"<p><span style=\"font-weight: 400;\">Lam\u0103 ultra puternic\u0103 \u015fi durabil\u0103 pentru toate tipurile de ma\u015fini de tuns iarba, v\u0103 va permite s\u0103 \u00eendep\u0103rta\u0163i \u015fi s\u0103 t\u0103ia\u0163i rapid \u015fi cu u\u015furin\u0163\u0103 at\u00e2t vegeta\u0163ia joas\u0103, precum \u015fi cea \u00eenalt\u0103, vegeta\u0163ia solid\u0103, f\u0103r\u0103 nici cea mai mic\u0103 b\u0103taie de cap.\u00a0<\/span><\/p>\n","protected":false},"featured_media":3133,"comment_status":"closed","ping_status":"closed","template":"","meta":{"inline_featured_image":false},"product_brand":[],"product_cat":[15],"product_tag":[],"class_list":{"0":"post-3132","1":"product","2":"type-product","3":"status-publish","4":"has-post-thumbnail","6":"product_cat-uncategorized","8":"first","9":"instock","10":"sale","11":"taxable","12":"shipping-taxable","13":"purchasable","14":"product-type-simple"},"acf":[],"_links":{"self":[{"href":"https:\/\/non-stopshop.eu\/ro\/wp-json\/wp\/v2\/product\/3132","targetHints":{"allow":["GET"]}}],"collection":[{"href":"https:\/\/non-stopshop.eu\/ro\/wp-json\/wp\/v2\/product"}],"about":[{"href":"https:\/\/non-stopshop.eu\/ro\/wp-json\/wp\/v2\/types\/product"}],"replies":[{"embeddable":true,"href":"https:\/\/non-stopshop.eu\/ro\/wp-json\/wp\/v2\/comments?post=3132"}],"wp:featuredmedia":[{"embeddable":true,"href":"https:\/\/non-stopshop.eu\/ro\/wp-json\/wp\/v2\/media\/3133"}],"wp:attachment":[{"href":"https:\/\/non-stopshop.eu\/ro\/wp-json\/wp\/v2\/media?parent=3132"}],"wp:term":[{"taxonomy":"product_brand","embeddable":true,"href":"https:\/\/non-stopshop.eu\/ro\/wp-json\/wp\/v2\/product_brand?post=3132"},{"taxonomy":"product_cat","embeddable":true,"href":"https:\/\/non-stopshop.eu\/ro\/wp-json\/wp\/v2\/product_cat?post=3132"},{"taxonomy":"product_tag","embeddable":true,"href":"https:\/\/non-stopshop.eu\/ro\/wp-json\/wp\/v2\/product_tag?post=3132"}],"curies":[{"name":"wp","href":"https:\/\/api.w.org\/{rel}","templated":true}]}}