{"id":3141,"date":"2021-04-05T09:24:42","date_gmt":"2021-04-05T07:24:42","guid":{"rendered":"https:\/\/shopium.eu\/ro\/?post_type=product&#038;p=3141"},"modified":"2021-04-09T15:31:14","modified_gmt":"2021-04-09T13:31:14","slug":"incarcator-wireless-magic-magiczing","status":"publish","type":"product","link":"https:\/\/non-stopshop.eu\/ro\/produs\/incarcator-wireless-magic-magiczing\/","title":{"rendered":"\u00cenc\u0103rc\u0103tor wireless Magic \u2013 MagicZing"},"content":{"rendered":"","protected":false},"excerpt":{"rendered":"<p><span style=\"font-weight: 400;\">MagicZing este un \u00eenc\u0103rc\u0103tor wireless mistic cu\u00a0 ajutorul c\u0103ruia fiecare \u00eenc\u0103rcare a telefonului dumneavoastr\u0103devine o experien\u0163\u0103 magic\u0103 cu efecte de iluminare uimitoare.\u00a0<\/span><\/p>\n","protected":false},"featured_media":3142,"comment_status":"closed","ping_status":"closed","template":"","meta":{"inline_featured_image":false},"product_brand":[],"product_cat":[15],"product_tag":[],"class_list":{"0":"post-3141","1":"product","2":"type-product","3":"status-publish","4":"has-post-thumbnail","6":"product_cat-uncategorized","8":"first","9":"instock","10":"sale","11":"taxable","12":"shipping-taxable","13":"purchasable","14":"product-type-simple"},"acf":[],"_links":{"self":[{"href":"https:\/\/non-stopshop.eu\/ro\/wp-json\/wp\/v2\/product\/3141","targetHints":{"allow":["GET"]}}],"collection":[{"href":"https:\/\/non-stopshop.eu\/ro\/wp-json\/wp\/v2\/product"}],"about":[{"href":"https:\/\/non-stopshop.eu\/ro\/wp-json\/wp\/v2\/types\/product"}],"replies":[{"embeddable":true,"href":"https:\/\/non-stopshop.eu\/ro\/wp-json\/wp\/v2\/comments?post=3141"}],"wp:featuredmedia":[{"embeddable":true,"href":"https:\/\/non-stopshop.eu\/ro\/wp-json\/wp\/v2\/media\/3142"}],"wp:attachment":[{"href":"https:\/\/non-stopshop.eu\/ro\/wp-json\/wp\/v2\/media?parent=3141"}],"wp:term":[{"taxonomy":"product_brand","embeddable":true,"href":"https:\/\/non-stopshop.eu\/ro\/wp-json\/wp\/v2\/product_brand?post=3141"},{"taxonomy":"product_cat","embeddable":true,"href":"https:\/\/non-stopshop.eu\/ro\/wp-json\/wp\/v2\/product_cat?post=3141"},{"taxonomy":"product_tag","embeddable":true,"href":"https:\/\/non-stopshop.eu\/ro\/wp-json\/wp\/v2\/product_tag?post=3141"}],"curies":[{"name":"wp","href":"https:\/\/api.w.org\/{rel}","templated":true}]}}