{"id":3151,"date":"2021-04-05T09:27:40","date_gmt":"2021-04-05T07:27:40","guid":{"rendered":"https:\/\/shopium.eu\/ro\/?post_type=product&#038;p=3151"},"modified":"2021-04-09T15:30:49","modified_gmt":"2021-04-09T13:30:49","slug":"tocator-manual-pentru-fructe-si-legume-handyslicer","status":"publish","type":"product","link":"https:\/\/non-stopshop.eu\/ro\/produs\/tocator-manual-pentru-fructe-si-legume-handyslicer\/","title":{"rendered":"Toc\u0103tor manual pentru fructe \u015fi legume &#8211; HandySlicer"},"content":{"rendered":"","protected":false},"excerpt":{"rendered":"<p><span style=\"font-weight: 400;\">Toc\u0103torul manual pentru fructe \u0219i legume alungite \u0219i alte tipuri de astfel de alimente v\u0103 permite s\u0103 t\u0103ia\u021bi de dou\u0103 ori mai repede \u0219i mai u\u0219or \u00een p\u0103r\u021bi egale \u00een doar c\u00e2teva mi\u0219c\u0103ri ale m\u00e2inii.<\/span><\/p>\n","protected":false},"featured_media":3152,"comment_status":"closed","ping_status":"closed","template":"","meta":{"inline_featured_image":false},"product_brand":[],"product_cat":[15],"product_tag":[],"class_list":{"0":"post-3151","1":"product","2":"type-product","3":"status-publish","4":"has-post-thumbnail","6":"product_cat-uncategorized","8":"first","9":"instock","10":"sale","11":"taxable","12":"shipping-taxable","13":"purchasable","14":"product-type-simple"},"acf":[],"_links":{"self":[{"href":"https:\/\/non-stopshop.eu\/ro\/wp-json\/wp\/v2\/product\/3151","targetHints":{"allow":["GET"]}}],"collection":[{"href":"https:\/\/non-stopshop.eu\/ro\/wp-json\/wp\/v2\/product"}],"about":[{"href":"https:\/\/non-stopshop.eu\/ro\/wp-json\/wp\/v2\/types\/product"}],"replies":[{"embeddable":true,"href":"https:\/\/non-stopshop.eu\/ro\/wp-json\/wp\/v2\/comments?post=3151"}],"wp:featuredmedia":[{"embeddable":true,"href":"https:\/\/non-stopshop.eu\/ro\/wp-json\/wp\/v2\/media\/3152"}],"wp:attachment":[{"href":"https:\/\/non-stopshop.eu\/ro\/wp-json\/wp\/v2\/media?parent=3151"}],"wp:term":[{"taxonomy":"product_brand","embeddable":true,"href":"https:\/\/non-stopshop.eu\/ro\/wp-json\/wp\/v2\/product_brand?post=3151"},{"taxonomy":"product_cat","embeddable":true,"href":"https:\/\/non-stopshop.eu\/ro\/wp-json\/wp\/v2\/product_cat?post=3151"},{"taxonomy":"product_tag","embeddable":true,"href":"https:\/\/non-stopshop.eu\/ro\/wp-json\/wp\/v2\/product_tag?post=3151"}],"curies":[{"name":"wp","href":"https:\/\/api.w.org\/{rel}","templated":true}]}}