{"id":3184,"date":"2021-04-05T09:48:13","date_gmt":"2021-04-05T07:48:13","guid":{"rendered":"https:\/\/shopium.eu\/ro\/?post_type=product&#038;p=3184"},"modified":"2021-04-09T15:29:34","modified_gmt":"2021-04-09T13:29:34","slug":"robinet-plat-pentru-dus-flatmont","status":"publish","type":"product","link":"https:\/\/non-stopshop.eu\/ro\/produs\/robinet-plat-pentru-dus-flatmont\/","title":{"rendered":"Robinet plat pentru du\u0219\u2013 FlatMont"},"content":{"rendered":"","protected":false},"excerpt":{"rendered":"<p><span style=\"font-weight: 400;\">Sim\u021bi\u021bi senza\u021bia uimitoare de ploaie de prim\u0103var\u0103 \u00een baia dumneavoastr\u0103 cu un robinet pentru du\u0219 FlatMont de o calitate extrem de \u00eenalt\u0103, care va transforma orice du\u0219 \u00eentr-o aventur\u0103.<\/span><\/p>\n","protected":false},"featured_media":3186,"comment_status":"closed","ping_status":"closed","template":"","meta":{"inline_featured_image":false},"product_brand":[],"product_cat":[15],"product_tag":[],"class_list":{"0":"post-3184","1":"product","2":"type-product","3":"status-publish","4":"has-post-thumbnail","6":"product_cat-uncategorized","8":"first","9":"instock","10":"sale","11":"taxable","12":"shipping-taxable","13":"purchasable","14":"product-type-simple"},"acf":[],"_links":{"self":[{"href":"https:\/\/non-stopshop.eu\/ro\/wp-json\/wp\/v2\/product\/3184","targetHints":{"allow":["GET"]}}],"collection":[{"href":"https:\/\/non-stopshop.eu\/ro\/wp-json\/wp\/v2\/product"}],"about":[{"href":"https:\/\/non-stopshop.eu\/ro\/wp-json\/wp\/v2\/types\/product"}],"replies":[{"embeddable":true,"href":"https:\/\/non-stopshop.eu\/ro\/wp-json\/wp\/v2\/comments?post=3184"}],"wp:featuredmedia":[{"embeddable":true,"href":"https:\/\/non-stopshop.eu\/ro\/wp-json\/wp\/v2\/media\/3186"}],"wp:attachment":[{"href":"https:\/\/non-stopshop.eu\/ro\/wp-json\/wp\/v2\/media?parent=3184"}],"wp:term":[{"taxonomy":"product_brand","embeddable":true,"href":"https:\/\/non-stopshop.eu\/ro\/wp-json\/wp\/v2\/product_brand?post=3184"},{"taxonomy":"product_cat","embeddable":true,"href":"https:\/\/non-stopshop.eu\/ro\/wp-json\/wp\/v2\/product_cat?post=3184"},{"taxonomy":"product_tag","embeddable":true,"href":"https:\/\/non-stopshop.eu\/ro\/wp-json\/wp\/v2\/product_tag?post=3184"}],"curies":[{"name":"wp","href":"https:\/\/api.w.org\/{rel}","templated":true}]}}