{"id":3194,"date":"2021-04-05T11:24:56","date_gmt":"2021-04-05T09:24:56","guid":{"rendered":"https:\/\/shopium.eu\/ro\/?post_type=product&#038;p=3194"},"modified":"2021-04-05T11:27:49","modified_gmt":"2021-04-05T09:27:49","slug":"scaun-pliabil-portabil-porstool","status":"publish","type":"product","link":"https:\/\/non-stopshop.eu\/ro\/produs\/scaun-pliabil-portabil-porstool\/","title":{"rendered":"Scaun pliabil portabil &#8211; Porstool"},"content":{"rendered":"","protected":false},"excerpt":{"rendered":"<p>Acest scaun va deveni indispensabil \u00een timpul activit\u0103\u021bilor dumneavoastr\u0103 \u00een aer liber, fie c\u0103 este vorba de drume\u021bii, pescuit, camping etc. sau pur \u0219i simplu ave\u021bi nevoie de el \u00een gospod\u0103ria dumneavoastr\u0103.<\/p>\n","protected":false},"featured_media":3202,"comment_status":"closed","ping_status":"closed","template":"","meta":{"inline_featured_image":false},"product_brand":[],"product_cat":[15],"product_tag":[],"class_list":{"0":"post-3194","1":"product","2":"type-product","3":"status-publish","4":"has-post-thumbnail","6":"product_cat-uncategorized","8":"first","9":"instock","10":"sale","11":"taxable","12":"shipping-taxable","13":"purchasable","14":"product-type-simple"},"acf":[],"_links":{"self":[{"href":"https:\/\/non-stopshop.eu\/ro\/wp-json\/wp\/v2\/product\/3194","targetHints":{"allow":["GET"]}}],"collection":[{"href":"https:\/\/non-stopshop.eu\/ro\/wp-json\/wp\/v2\/product"}],"about":[{"href":"https:\/\/non-stopshop.eu\/ro\/wp-json\/wp\/v2\/types\/product"}],"replies":[{"embeddable":true,"href":"https:\/\/non-stopshop.eu\/ro\/wp-json\/wp\/v2\/comments?post=3194"}],"wp:featuredmedia":[{"embeddable":true,"href":"https:\/\/non-stopshop.eu\/ro\/wp-json\/wp\/v2\/media\/3202"}],"wp:attachment":[{"href":"https:\/\/non-stopshop.eu\/ro\/wp-json\/wp\/v2\/media?parent=3194"}],"wp:term":[{"taxonomy":"product_brand","embeddable":true,"href":"https:\/\/non-stopshop.eu\/ro\/wp-json\/wp\/v2\/product_brand?post=3194"},{"taxonomy":"product_cat","embeddable":true,"href":"https:\/\/non-stopshop.eu\/ro\/wp-json\/wp\/v2\/product_cat?post=3194"},{"taxonomy":"product_tag","embeddable":true,"href":"https:\/\/non-stopshop.eu\/ro\/wp-json\/wp\/v2\/product_tag?post=3194"}],"curies":[{"name":"wp","href":"https:\/\/api.w.org\/{rel}","templated":true}]}}