{"id":3219,"date":"2021-04-05T11:31:08","date_gmt":"2021-04-05T09:31:08","guid":{"rendered":"https:\/\/shopium.eu\/ro\/?post_type=product&#038;p=3219"},"modified":"2021-04-05T11:33:47","modified_gmt":"2021-04-05T09:33:47","slug":"iluminare-cu-rechin-led-pentru-masini-carled","status":"publish","type":"product","link":"https:\/\/non-stopshop.eu\/ro\/produs\/iluminare-cu-rechin-led-pentru-masini-carled\/","title":{"rendered":"Iluminare cu rechin Led pentru ma\u015fini  &#8211; Carled"},"content":{"rendered":"","protected":false},"excerpt":{"rendered":"<p>Lumin\u0103 cu LED super care arat\u0103 uimitor noaptea l\u0103s\u00e2nd un efect vizual uimitor \u0219i str\u0103luce\u0219te \u00een 4 culori diferite.<\/p>\n","protected":false},"featured_media":3223,"comment_status":"closed","ping_status":"closed","template":"","meta":{"inline_featured_image":false},"product_brand":[],"product_cat":[15],"product_tag":[],"class_list":{"0":"post-3219","1":"product","2":"type-product","3":"status-publish","4":"has-post-thumbnail","6":"product_cat-uncategorized","8":"first","9":"instock","10":"sale","11":"taxable","12":"shipping-taxable","13":"purchasable","14":"product-type-simple"},"acf":[],"_links":{"self":[{"href":"https:\/\/non-stopshop.eu\/ro\/wp-json\/wp\/v2\/product\/3219","targetHints":{"allow":["GET"]}}],"collection":[{"href":"https:\/\/non-stopshop.eu\/ro\/wp-json\/wp\/v2\/product"}],"about":[{"href":"https:\/\/non-stopshop.eu\/ro\/wp-json\/wp\/v2\/types\/product"}],"replies":[{"embeddable":true,"href":"https:\/\/non-stopshop.eu\/ro\/wp-json\/wp\/v2\/comments?post=3219"}],"wp:featuredmedia":[{"embeddable":true,"href":"https:\/\/non-stopshop.eu\/ro\/wp-json\/wp\/v2\/media\/3223"}],"wp:attachment":[{"href":"https:\/\/non-stopshop.eu\/ro\/wp-json\/wp\/v2\/media?parent=3219"}],"wp:term":[{"taxonomy":"product_brand","embeddable":true,"href":"https:\/\/non-stopshop.eu\/ro\/wp-json\/wp\/v2\/product_brand?post=3219"},{"taxonomy":"product_cat","embeddable":true,"href":"https:\/\/non-stopshop.eu\/ro\/wp-json\/wp\/v2\/product_cat?post=3219"},{"taxonomy":"product_tag","embeddable":true,"href":"https:\/\/non-stopshop.eu\/ro\/wp-json\/wp\/v2\/product_tag?post=3219"}],"curies":[{"name":"wp","href":"https:\/\/api.w.org\/{rel}","templated":true}]}}