{"id":3232,"date":"2021-04-05T11:34:11","date_gmt":"2021-04-05T09:34:11","guid":{"rendered":"https:\/\/shopium.eu\/ro\/?post_type=product&#038;p=3232"},"modified":"2021-04-05T11:37:14","modified_gmt":"2021-04-05T09:37:14","slug":"perie-delicata-pentru-par-brushsy","status":"publish","type":"product","link":"https:\/\/non-stopshop.eu\/ro\/produs\/perie-delicata-pentru-par-brushsy\/","title":{"rendered":"Perie delicat\u0103 pentru p\u0103r &#8211; Brushsy"},"content":{"rendered":"","protected":false},"excerpt":{"rendered":"<p>O perie inovatoare, delicat\u0103 \u0219i eficient\u0103 \u00een acela\u0219i timp, va deveni cel mai bun prieten al p\u0103rului str\u0103lucitor \u0219i s\u0103n\u0103tos.<\/p>\n","protected":false},"featured_media":3235,"comment_status":"closed","ping_status":"closed","template":"","meta":{"inline_featured_image":false},"product_brand":[],"product_cat":[15],"product_tag":[],"class_list":{"0":"post-3232","1":"product","2":"type-product","3":"status-publish","4":"has-post-thumbnail","6":"product_cat-uncategorized","8":"first","9":"instock","10":"sale","11":"taxable","12":"shipping-taxable","13":"purchasable","14":"product-type-simple"},"acf":[],"_links":{"self":[{"href":"https:\/\/non-stopshop.eu\/ro\/wp-json\/wp\/v2\/product\/3232","targetHints":{"allow":["GET"]}}],"collection":[{"href":"https:\/\/non-stopshop.eu\/ro\/wp-json\/wp\/v2\/product"}],"about":[{"href":"https:\/\/non-stopshop.eu\/ro\/wp-json\/wp\/v2\/types\/product"}],"replies":[{"embeddable":true,"href":"https:\/\/non-stopshop.eu\/ro\/wp-json\/wp\/v2\/comments?post=3232"}],"wp:featuredmedia":[{"embeddable":true,"href":"https:\/\/non-stopshop.eu\/ro\/wp-json\/wp\/v2\/media\/3235"}],"wp:attachment":[{"href":"https:\/\/non-stopshop.eu\/ro\/wp-json\/wp\/v2\/media?parent=3232"}],"wp:term":[{"taxonomy":"product_brand","embeddable":true,"href":"https:\/\/non-stopshop.eu\/ro\/wp-json\/wp\/v2\/product_brand?post=3232"},{"taxonomy":"product_cat","embeddable":true,"href":"https:\/\/non-stopshop.eu\/ro\/wp-json\/wp\/v2\/product_cat?post=3232"},{"taxonomy":"product_tag","embeddable":true,"href":"https:\/\/non-stopshop.eu\/ro\/wp-json\/wp\/v2\/product_tag?post=3232"}],"curies":[{"name":"wp","href":"https:\/\/api.w.org\/{rel}","templated":true}]}}