{"id":3244,"date":"2021-04-05T11:37:34","date_gmt":"2021-04-05T09:37:34","guid":{"rendered":"https:\/\/shopium.eu\/ro\/?post_type=product&#038;p=3244"},"modified":"2021-04-05T11:39:57","modified_gmt":"2021-04-05T09:39:57","slug":"perie-pentru-par-din-par-natural-bristly","status":"publish","type":"product","link":"https:\/\/non-stopshop.eu\/ro\/produs\/perie-pentru-par-din-par-natural-bristly\/","title":{"rendered":"Perie pentru p\u0103r din p\u0103r natural  &#8211; Bristly"},"content":{"rendered":"","protected":false},"excerpt":{"rendered":"<p>Ob\u021bine\u021bi un p\u0103r s\u0103n\u0103tos \u0219i suplu cu ajutorul acestei perii inovatoare, care, din cauza p\u0103rului s\u0103u natural, n\u0103 v\u0103 va smulge p\u0103rul atunci c\u00e2nd \u00eel piept\u0103na\u0163i \u0219i va stimula str\u0103lucirea \u0219i cre\u0219terea p\u0103rului cu uleiuri naturale.<\/p>\n","protected":false},"featured_media":3252,"comment_status":"closed","ping_status":"closed","template":"","meta":{"inline_featured_image":false},"product_brand":[],"product_cat":[15],"product_tag":[],"class_list":{"0":"post-3244","1":"product","2":"type-product","3":"status-publish","4":"has-post-thumbnail","6":"product_cat-uncategorized","8":"first","9":"instock","10":"sale","11":"taxable","12":"shipping-taxable","13":"purchasable","14":"product-type-simple"},"acf":[],"_links":{"self":[{"href":"https:\/\/non-stopshop.eu\/ro\/wp-json\/wp\/v2\/product\/3244","targetHints":{"allow":["GET"]}}],"collection":[{"href":"https:\/\/non-stopshop.eu\/ro\/wp-json\/wp\/v2\/product"}],"about":[{"href":"https:\/\/non-stopshop.eu\/ro\/wp-json\/wp\/v2\/types\/product"}],"replies":[{"embeddable":true,"href":"https:\/\/non-stopshop.eu\/ro\/wp-json\/wp\/v2\/comments?post=3244"}],"wp:featuredmedia":[{"embeddable":true,"href":"https:\/\/non-stopshop.eu\/ro\/wp-json\/wp\/v2\/media\/3252"}],"wp:attachment":[{"href":"https:\/\/non-stopshop.eu\/ro\/wp-json\/wp\/v2\/media?parent=3244"}],"wp:term":[{"taxonomy":"product_brand","embeddable":true,"href":"https:\/\/non-stopshop.eu\/ro\/wp-json\/wp\/v2\/product_brand?post=3244"},{"taxonomy":"product_cat","embeddable":true,"href":"https:\/\/non-stopshop.eu\/ro\/wp-json\/wp\/v2\/product_cat?post=3244"},{"taxonomy":"product_tag","embeddable":true,"href":"https:\/\/non-stopshop.eu\/ro\/wp-json\/wp\/v2\/product_tag?post=3244"}],"curies":[{"name":"wp","href":"https:\/\/api.w.org\/{rel}","templated":true}]}}