{"id":3332,"date":"2021-04-08T11:22:48","date_gmt":"2021-04-08T09:22:48","guid":{"rendered":"https:\/\/shopium.eu\/ro\/?post_type=product&#038;p=3332"},"modified":"2021-04-08T11:29:35","modified_gmt":"2021-04-08T09:29:35","slug":"sosete-universale-pentru-sportivi-si-alpinisti-footwear","status":"publish","type":"product","link":"https:\/\/non-stopshop.eu\/ro\/produs\/sosete-universale-pentru-sportivi-si-alpinisti-footwear\/","title":{"rendered":"\u0218osete universale pentru sportivi \u0219i alpini\u015fti \u2013 FootWear"},"content":{"rendered":"","protected":false},"excerpt":{"rendered":"<p><span style=\"font-weight: 400;\">\u0218osete impermeabile, durabile \u0219i ultra u\u0219oare pentru toate tipurile de sport \u0219i activit\u0103\u021bi \u00een aer liber cu care ve\u021bi sim\u021bi libertatea de mi\u0219care \u0219i u\u0219urin\u021ba f\u0103r\u0103 \u00eenc\u0103l\u021b\u0103minte grea \u0219i incomod\u0103.<\/span><\/p>\n","protected":false},"featured_media":3333,"comment_status":"closed","ping_status":"closed","template":"","meta":{"inline_featured_image":false},"product_brand":[],"product_cat":[15],"product_tag":[],"class_list":{"0":"post-3332","1":"product","2":"type-product","3":"status-publish","4":"has-post-thumbnail","6":"product_cat-uncategorized","8":"first","9":"instock","10":"sale","11":"taxable","12":"shipping-taxable","13":"purchasable","14":"product-type-simple"},"acf":[],"_links":{"self":[{"href":"https:\/\/non-stopshop.eu\/ro\/wp-json\/wp\/v2\/product\/3332","targetHints":{"allow":["GET"]}}],"collection":[{"href":"https:\/\/non-stopshop.eu\/ro\/wp-json\/wp\/v2\/product"}],"about":[{"href":"https:\/\/non-stopshop.eu\/ro\/wp-json\/wp\/v2\/types\/product"}],"replies":[{"embeddable":true,"href":"https:\/\/non-stopshop.eu\/ro\/wp-json\/wp\/v2\/comments?post=3332"}],"wp:featuredmedia":[{"embeddable":true,"href":"https:\/\/non-stopshop.eu\/ro\/wp-json\/wp\/v2\/media\/3333"}],"wp:attachment":[{"href":"https:\/\/non-stopshop.eu\/ro\/wp-json\/wp\/v2\/media?parent=3332"}],"wp:term":[{"taxonomy":"product_brand","embeddable":true,"href":"https:\/\/non-stopshop.eu\/ro\/wp-json\/wp\/v2\/product_brand?post=3332"},{"taxonomy":"product_cat","embeddable":true,"href":"https:\/\/non-stopshop.eu\/ro\/wp-json\/wp\/v2\/product_cat?post=3332"},{"taxonomy":"product_tag","embeddable":true,"href":"https:\/\/non-stopshop.eu\/ro\/wp-json\/wp\/v2\/product_tag?post=3332"}],"curies":[{"name":"wp","href":"https:\/\/api.w.org\/{rel}","templated":true}]}}