{"id":3343,"date":"2021-04-08T11:40:06","date_gmt":"2021-04-08T09:40:06","guid":{"rendered":"https:\/\/shopium.eu\/ro\/?post_type=product&#038;p=3343"},"modified":"2021-04-08T11:43:30","modified_gmt":"2021-04-08T09:43:30","slug":"binoclu-de-inalta-calitate-telescopiq","status":"publish","type":"product","link":"https:\/\/non-stopshop.eu\/ro\/produs\/binoclu-de-inalta-calitate-telescopiq\/","title":{"rendered":"Binoclu de \u00eenalt\u0103 calitate  &#8211; Telescopiq"},"content":{"rendered":"","protected":false},"excerpt":{"rendered":"<p>Binoclul telescopic de \u00eenalt\u0103 calitate va deveni cel mai bun aliat al dumneavoastr\u0103 pentru distrac\u0163ia \u00een natur\u0103, cum ar fi v\u00e2n\u0103toarea, alpinismul, naviga\u021bia \u0219i altele.<\/p>\n","protected":false},"featured_media":3346,"comment_status":"closed","ping_status":"closed","template":"","meta":{"inline_featured_image":false},"product_brand":[],"product_cat":[15],"product_tag":[],"class_list":{"0":"post-3343","1":"product","2":"type-product","3":"status-publish","4":"has-post-thumbnail","6":"product_cat-uncategorized","8":"first","9":"instock","10":"sale","11":"taxable","12":"shipping-taxable","13":"purchasable","14":"product-type-simple"},"acf":[],"_links":{"self":[{"href":"https:\/\/non-stopshop.eu\/ro\/wp-json\/wp\/v2\/product\/3343","targetHints":{"allow":["GET"]}}],"collection":[{"href":"https:\/\/non-stopshop.eu\/ro\/wp-json\/wp\/v2\/product"}],"about":[{"href":"https:\/\/non-stopshop.eu\/ro\/wp-json\/wp\/v2\/types\/product"}],"replies":[{"embeddable":true,"href":"https:\/\/non-stopshop.eu\/ro\/wp-json\/wp\/v2\/comments?post=3343"}],"wp:featuredmedia":[{"embeddable":true,"href":"https:\/\/non-stopshop.eu\/ro\/wp-json\/wp\/v2\/media\/3346"}],"wp:attachment":[{"href":"https:\/\/non-stopshop.eu\/ro\/wp-json\/wp\/v2\/media?parent=3343"}],"wp:term":[{"taxonomy":"product_brand","embeddable":true,"href":"https:\/\/non-stopshop.eu\/ro\/wp-json\/wp\/v2\/product_brand?post=3343"},{"taxonomy":"product_cat","embeddable":true,"href":"https:\/\/non-stopshop.eu\/ro\/wp-json\/wp\/v2\/product_cat?post=3343"},{"taxonomy":"product_tag","embeddable":true,"href":"https:\/\/non-stopshop.eu\/ro\/wp-json\/wp\/v2\/product_tag?post=3343"}],"curies":[{"name":"wp","href":"https:\/\/api.w.org\/{rel}","templated":true}]}}