{"id":3359,"date":"2021-04-08T11:43:47","date_gmt":"2021-04-08T09:43:47","guid":{"rendered":"https:\/\/shopium.eu\/ro\/?post_type=product&#038;p=3359"},"modified":"2021-04-08T11:58:00","modified_gmt":"2021-04-08T09:58:00","slug":"claviatura-digitala-pliabila-din-silicon-compacthub","status":"publish","type":"product","link":"https:\/\/non-stopshop.eu\/ro\/produs\/claviatura-digitala-pliabila-din-silicon-compacthub\/","title":{"rendered":"Claviatur\u0103 digital\u0103 pliabil\u0103 din silicon &#8211; Compacthub"},"content":{"rendered":"","protected":false},"excerpt":{"rendered":"<p>Claviatur\u0103 de calitate superioar\u0103 \u0219i inteligent conceput\u0103 este destinat\u0103 nu numai copiilor, ci tuturor celor care doresc s\u0103 \u00eenve\u021be cu u\u0219urin\u021b\u0103 s\u0103 c\u00e2nte la pian. Are difuzoare \u0219i o op\u021biune de \u00eenregistrare a sunetului.<\/p>\n","protected":false},"featured_media":3361,"comment_status":"closed","ping_status":"closed","template":"","meta":{"inline_featured_image":false},"product_brand":[],"product_cat":[15],"product_tag":[],"class_list":{"0":"post-3359","1":"product","2":"type-product","3":"status-publish","4":"has-post-thumbnail","6":"product_cat-uncategorized","8":"first","9":"instock","10":"sale","11":"taxable","12":"shipping-taxable","13":"purchasable","14":"product-type-simple"},"acf":[],"_links":{"self":[{"href":"https:\/\/non-stopshop.eu\/ro\/wp-json\/wp\/v2\/product\/3359","targetHints":{"allow":["GET"]}}],"collection":[{"href":"https:\/\/non-stopshop.eu\/ro\/wp-json\/wp\/v2\/product"}],"about":[{"href":"https:\/\/non-stopshop.eu\/ro\/wp-json\/wp\/v2\/types\/product"}],"replies":[{"embeddable":true,"href":"https:\/\/non-stopshop.eu\/ro\/wp-json\/wp\/v2\/comments?post=3359"}],"wp:featuredmedia":[{"embeddable":true,"href":"https:\/\/non-stopshop.eu\/ro\/wp-json\/wp\/v2\/media\/3361"}],"wp:attachment":[{"href":"https:\/\/non-stopshop.eu\/ro\/wp-json\/wp\/v2\/media?parent=3359"}],"wp:term":[{"taxonomy":"product_brand","embeddable":true,"href":"https:\/\/non-stopshop.eu\/ro\/wp-json\/wp\/v2\/product_brand?post=3359"},{"taxonomy":"product_cat","embeddable":true,"href":"https:\/\/non-stopshop.eu\/ro\/wp-json\/wp\/v2\/product_cat?post=3359"},{"taxonomy":"product_tag","embeddable":true,"href":"https:\/\/non-stopshop.eu\/ro\/wp-json\/wp\/v2\/product_tag?post=3359"}],"curies":[{"name":"wp","href":"https:\/\/api.w.org\/{rel}","templated":true}]}}