{"id":3559,"date":"2021-04-13T09:14:40","date_gmt":"2021-04-13T07:14:40","guid":{"rendered":"https:\/\/shopium.eu\/ro\/?post_type=product&#038;p=3559"},"modified":"2021-04-13T09:21:11","modified_gmt":"2021-04-13T07:21:11","slug":"colanti-push-up-pentru-femei-legup","status":"publish","type":"product","link":"https:\/\/non-stopshop.eu\/ro\/produs\/colanti-push-up-pentru-femei-legup\/","title":{"rendered":"Colan\u0163i push up  (pentru femei) &#8211; Legup"},"content":{"rendered":"","protected":false},"excerpt":{"rendered":"<p>Colan\u0163i care vor rotunji \u0219i \u00eent\u0103ri vizual fesele \u0219i picioarele \u0219i care sunt iubi\u0163i de femeile din \u00eentreaga lume, indiferent dac\u0103 practic\u0103 sport sau \u00een activit\u0103\u021bi de zi cu zi.<\/p>\n","protected":false},"featured_media":3564,"comment_status":"closed","ping_status":"closed","template":"","meta":{"inline_featured_image":false},"product_brand":[],"product_cat":[15],"product_tag":[],"class_list":{"0":"post-3559","1":"product","2":"type-product","3":"status-publish","4":"has-post-thumbnail","6":"product_cat-uncategorized","8":"first","9":"instock","10":"sale","11":"taxable","12":"shipping-taxable","13":"purchasable","14":"product-type-simple"},"acf":[],"_links":{"self":[{"href":"https:\/\/non-stopshop.eu\/ro\/wp-json\/wp\/v2\/product\/3559","targetHints":{"allow":["GET"]}}],"collection":[{"href":"https:\/\/non-stopshop.eu\/ro\/wp-json\/wp\/v2\/product"}],"about":[{"href":"https:\/\/non-stopshop.eu\/ro\/wp-json\/wp\/v2\/types\/product"}],"replies":[{"embeddable":true,"href":"https:\/\/non-stopshop.eu\/ro\/wp-json\/wp\/v2\/comments?post=3559"}],"wp:featuredmedia":[{"embeddable":true,"href":"https:\/\/non-stopshop.eu\/ro\/wp-json\/wp\/v2\/media\/3564"}],"wp:attachment":[{"href":"https:\/\/non-stopshop.eu\/ro\/wp-json\/wp\/v2\/media?parent=3559"}],"wp:term":[{"taxonomy":"product_brand","embeddable":true,"href":"https:\/\/non-stopshop.eu\/ro\/wp-json\/wp\/v2\/product_brand?post=3559"},{"taxonomy":"product_cat","embeddable":true,"href":"https:\/\/non-stopshop.eu\/ro\/wp-json\/wp\/v2\/product_cat?post=3559"},{"taxonomy":"product_tag","embeddable":true,"href":"https:\/\/non-stopshop.eu\/ro\/wp-json\/wp\/v2\/product_tag?post=3559"}],"curies":[{"name":"wp","href":"https:\/\/api.w.org\/{rel}","templated":true}]}}