{"id":3591,"date":"2021-04-13T18:16:30","date_gmt":"2021-04-13T16:16:30","guid":{"rendered":"https:\/\/shopium.eu\/ro\/?post_type=product&#038;p=3591"},"modified":"2021-04-13T18:21:47","modified_gmt":"2021-04-13T16:21:47","slug":"imprimanta-pentru-unghii-iprinting","status":"publish","type":"product","link":"https:\/\/non-stopshop.eu\/ro\/produs\/imprimanta-pentru-unghii-iprinting\/","title":{"rendered":"Imprimant\u0103 pentru unghii &#8211; IPrinting"},"content":{"rendered":"","protected":false},"excerpt":{"rendered":"<p><span style=\"font-weight: 400;\">Setul IPrinting pentru desenarea rapid\u0103 \u0219i u\u0219oar\u0103 pe unghii v\u0103 va permite s\u0103 ave\u0163i unghiile ordonate \u015fi frumoase \u00een orice moment, f\u0103r\u0103 a merge la o manichiurist\u0103.\u00a0\u00a0<\/span><\/p>\n","protected":false},"featured_media":3597,"comment_status":"closed","ping_status":"closed","template":"","meta":{"inline_featured_image":false},"product_brand":[],"product_cat":[15],"product_tag":[],"class_list":{"0":"post-3591","1":"product","2":"type-product","3":"status-publish","4":"has-post-thumbnail","6":"product_cat-uncategorized","8":"first","9":"instock","10":"sale","11":"taxable","12":"shipping-taxable","13":"purchasable","14":"product-type-simple"},"acf":[],"_links":{"self":[{"href":"https:\/\/non-stopshop.eu\/ro\/wp-json\/wp\/v2\/product\/3591","targetHints":{"allow":["GET"]}}],"collection":[{"href":"https:\/\/non-stopshop.eu\/ro\/wp-json\/wp\/v2\/product"}],"about":[{"href":"https:\/\/non-stopshop.eu\/ro\/wp-json\/wp\/v2\/types\/product"}],"replies":[{"embeddable":true,"href":"https:\/\/non-stopshop.eu\/ro\/wp-json\/wp\/v2\/comments?post=3591"}],"wp:featuredmedia":[{"embeddable":true,"href":"https:\/\/non-stopshop.eu\/ro\/wp-json\/wp\/v2\/media\/3597"}],"wp:attachment":[{"href":"https:\/\/non-stopshop.eu\/ro\/wp-json\/wp\/v2\/media?parent=3591"}],"wp:term":[{"taxonomy":"product_brand","embeddable":true,"href":"https:\/\/non-stopshop.eu\/ro\/wp-json\/wp\/v2\/product_brand?post=3591"},{"taxonomy":"product_cat","embeddable":true,"href":"https:\/\/non-stopshop.eu\/ro\/wp-json\/wp\/v2\/product_cat?post=3591"},{"taxonomy":"product_tag","embeddable":true,"href":"https:\/\/non-stopshop.eu\/ro\/wp-json\/wp\/v2\/product_tag?post=3591"}],"curies":[{"name":"wp","href":"https:\/\/api.w.org\/{rel}","templated":true}]}}