{"id":3601,"date":"2021-04-13T18:22:31","date_gmt":"2021-04-13T16:22:31","guid":{"rendered":"https:\/\/shopium.eu\/ro\/?post_type=product&#038;p=3601"},"modified":"2021-04-13T18:27:00","modified_gmt":"2021-04-13T16:27:00","slug":"set-de-chituire-skillar","status":"publish","type":"product","link":"https:\/\/non-stopshop.eu\/ro\/produs\/set-de-chituire-skillar\/","title":{"rendered":"Set de chituire \u2013 Skillar"},"content":{"rendered":"","protected":false},"excerpt":{"rendered":"<p><span style=\"font-weight: 400;\">Setul multifunc\u021bional pentru chituirea \u0219i \u00eendep\u0103rtarea siliconului este complet practic \u0219i u\u0219or pentru lucr\u0103ri fine \u00een baie sau buc\u0103t\u0103rie, cu care ve\u021bi ob\u021bine rapid chituri uniforme \u0219i frumoase.<\/span><\/p>\n","protected":false},"featured_media":3602,"comment_status":"closed","ping_status":"closed","template":"","meta":{"inline_featured_image":false},"product_brand":[],"product_cat":[15],"product_tag":[],"class_list":{"0":"post-3601","1":"product","2":"type-product","3":"status-publish","4":"has-post-thumbnail","6":"product_cat-uncategorized","8":"first","9":"instock","10":"sale","11":"taxable","12":"shipping-taxable","13":"purchasable","14":"product-type-simple"},"acf":[],"_links":{"self":[{"href":"https:\/\/non-stopshop.eu\/ro\/wp-json\/wp\/v2\/product\/3601","targetHints":{"allow":["GET"]}}],"collection":[{"href":"https:\/\/non-stopshop.eu\/ro\/wp-json\/wp\/v2\/product"}],"about":[{"href":"https:\/\/non-stopshop.eu\/ro\/wp-json\/wp\/v2\/types\/product"}],"replies":[{"embeddable":true,"href":"https:\/\/non-stopshop.eu\/ro\/wp-json\/wp\/v2\/comments?post=3601"}],"wp:featuredmedia":[{"embeddable":true,"href":"https:\/\/non-stopshop.eu\/ro\/wp-json\/wp\/v2\/media\/3602"}],"wp:attachment":[{"href":"https:\/\/non-stopshop.eu\/ro\/wp-json\/wp\/v2\/media?parent=3601"}],"wp:term":[{"taxonomy":"product_brand","embeddable":true,"href":"https:\/\/non-stopshop.eu\/ro\/wp-json\/wp\/v2\/product_brand?post=3601"},{"taxonomy":"product_cat","embeddable":true,"href":"https:\/\/non-stopshop.eu\/ro\/wp-json\/wp\/v2\/product_cat?post=3601"},{"taxonomy":"product_tag","embeddable":true,"href":"https:\/\/non-stopshop.eu\/ro\/wp-json\/wp\/v2\/product_tag?post=3601"}],"curies":[{"name":"wp","href":"https:\/\/api.w.org\/{rel}","templated":true}]}}