{"id":3617,"date":"2021-04-13T18:38:52","date_gmt":"2021-04-13T16:38:52","guid":{"rendered":"https:\/\/shopium.eu\/ro\/?post_type=product&#038;p=3617"},"modified":"2021-04-13T18:47:09","modified_gmt":"2021-04-13T16:47:09","slug":"ghiveci-intelligent-pentru-plante-flowpuff","status":"publish","type":"product","link":"https:\/\/non-stopshop.eu\/ro\/produs\/ghiveci-intelligent-pentru-plante-flowpuff\/","title":{"rendered":"Ghiveci intelligent pentru plante &#8211; FlowPuff"},"content":{"rendered":"","protected":false},"excerpt":{"rendered":"<p><span style=\"font-weight: 400;\">Modul inovator de cre\u0219tere \u0219i \u00eentre\u021binere a plantelor de apartament cu aceste ghivece super inteligente este mai mult dec\u00e2t extraordinar, l\u0103sa\u021bi-v\u0103 plantele p\u00e2n\u0103 la c\u00e2teva s\u0103pt\u0103m\u00e2ni f\u0103r\u0103 teama de ofilire.<\/span><\/p>\n","protected":false},"featured_media":3618,"comment_status":"closed","ping_status":"closed","template":"","meta":{"inline_featured_image":false},"product_brand":[],"product_cat":[15],"product_tag":[],"class_list":{"0":"post-3617","1":"product","2":"type-product","3":"status-publish","4":"has-post-thumbnail","6":"product_cat-uncategorized","8":"first","9":"instock","10":"sale","11":"taxable","12":"shipping-taxable","13":"purchasable","14":"product-type-simple"},"acf":[],"_links":{"self":[{"href":"https:\/\/non-stopshop.eu\/ro\/wp-json\/wp\/v2\/product\/3617","targetHints":{"allow":["GET"]}}],"collection":[{"href":"https:\/\/non-stopshop.eu\/ro\/wp-json\/wp\/v2\/product"}],"about":[{"href":"https:\/\/non-stopshop.eu\/ro\/wp-json\/wp\/v2\/types\/product"}],"replies":[{"embeddable":true,"href":"https:\/\/non-stopshop.eu\/ro\/wp-json\/wp\/v2\/comments?post=3617"}],"wp:featuredmedia":[{"embeddable":true,"href":"https:\/\/non-stopshop.eu\/ro\/wp-json\/wp\/v2\/media\/3618"}],"wp:attachment":[{"href":"https:\/\/non-stopshop.eu\/ro\/wp-json\/wp\/v2\/media?parent=3617"}],"wp:term":[{"taxonomy":"product_brand","embeddable":true,"href":"https:\/\/non-stopshop.eu\/ro\/wp-json\/wp\/v2\/product_brand?post=3617"},{"taxonomy":"product_cat","embeddable":true,"href":"https:\/\/non-stopshop.eu\/ro\/wp-json\/wp\/v2\/product_cat?post=3617"},{"taxonomy":"product_tag","embeddable":true,"href":"https:\/\/non-stopshop.eu\/ro\/wp-json\/wp\/v2\/product_tag?post=3617"}],"curies":[{"name":"wp","href":"https:\/\/api.w.org\/{rel}","templated":true}]}}