{"id":3668,"date":"2021-04-15T16:50:53","date_gmt":"2021-04-15T14:50:53","guid":{"rendered":"https:\/\/shopium.eu\/ro\/?post_type=product&#038;p=3668"},"modified":"2021-04-15T17:06:06","modified_gmt":"2021-04-15T15:06:06","slug":"extensie-flexibila-pentru-burghie-drilllike","status":"publish","type":"product","link":"https:\/\/non-stopshop.eu\/ro\/produs\/extensie-flexibila-pentru-burghie-drilllike\/","title":{"rendered":"Extensie flexibil\u0103 pentru burghie &#8211; DrillLike"},"content":{"rendered":"","protected":false},"excerpt":{"rendered":"<p><span style=\"font-weight: 400;\">Extensia magnetic\u0103 universal\u0103 DrillLike pentru toate tipurile de burghie cu cap mobil cu care ve\u0163i strange, cu u\u015furin\u0163\u0103 \u015furuburile \u00een locurile greu accesibile, col\u0163uri, etc.<\/span><\/p>\n","protected":false},"featured_media":3670,"comment_status":"closed","ping_status":"closed","template":"","meta":{"inline_featured_image":false},"product_brand":[],"product_cat":[15],"product_tag":[],"class_list":{"0":"post-3668","1":"product","2":"type-product","3":"status-publish","4":"has-post-thumbnail","6":"product_cat-uncategorized","8":"first","9":"instock","10":"sale","11":"taxable","12":"shipping-taxable","13":"purchasable","14":"product-type-simple"},"acf":[],"_links":{"self":[{"href":"https:\/\/non-stopshop.eu\/ro\/wp-json\/wp\/v2\/product\/3668","targetHints":{"allow":["GET"]}}],"collection":[{"href":"https:\/\/non-stopshop.eu\/ro\/wp-json\/wp\/v2\/product"}],"about":[{"href":"https:\/\/non-stopshop.eu\/ro\/wp-json\/wp\/v2\/types\/product"}],"replies":[{"embeddable":true,"href":"https:\/\/non-stopshop.eu\/ro\/wp-json\/wp\/v2\/comments?post=3668"}],"wp:featuredmedia":[{"embeddable":true,"href":"https:\/\/non-stopshop.eu\/ro\/wp-json\/wp\/v2\/media\/3670"}],"wp:attachment":[{"href":"https:\/\/non-stopshop.eu\/ro\/wp-json\/wp\/v2\/media?parent=3668"}],"wp:term":[{"taxonomy":"product_brand","embeddable":true,"href":"https:\/\/non-stopshop.eu\/ro\/wp-json\/wp\/v2\/product_brand?post=3668"},{"taxonomy":"product_cat","embeddable":true,"href":"https:\/\/non-stopshop.eu\/ro\/wp-json\/wp\/v2\/product_cat?post=3668"},{"taxonomy":"product_tag","embeddable":true,"href":"https:\/\/non-stopshop.eu\/ro\/wp-json\/wp\/v2\/product_tag?post=3668"}],"curies":[{"name":"wp","href":"https:\/\/api.w.org\/{rel}","templated":true}]}}