{"id":3694,"date":"2021-04-15T17:39:51","date_gmt":"2021-04-15T15:39:51","guid":{"rendered":"https:\/\/shopium.eu\/ro\/?post_type=product&#038;p=3694"},"modified":"2021-04-15T17:43:20","modified_gmt":"2021-04-15T15:43:20","slug":"blocuri-magnetice-educationale-pentru-joc-magblock","status":"publish","type":"product","link":"https:\/\/non-stopshop.eu\/ro\/produs\/blocuri-magnetice-educationale-pentru-joc-magblock\/","title":{"rendered":"Blocuri magnetice educa\u021bionale pentru joc &#8211; MagBlock"},"content":{"rendered":"","protected":false},"excerpt":{"rendered":"<p>Un set educativ destinat bebelu\u015filor (feti\u0163elor \u015fi b\u0103ie\u0163ilor), v\u0103 pute\u021bi juca cu copiii acas\u0103 sau \u00een aer liber. Este folosit \u015fi pentru \u015fcoli \u015fi gr\u0103dini\u0163e.<\/p>\n","protected":false},"featured_media":3696,"comment_status":"closed","ping_status":"closed","template":"","meta":{"inline_featured_image":false},"product_brand":[],"product_cat":[15],"product_tag":[],"class_list":{"0":"post-3694","1":"product","2":"type-product","3":"status-publish","4":"has-post-thumbnail","6":"product_cat-uncategorized","8":"first","9":"instock","10":"sale","11":"taxable","12":"shipping-taxable","13":"purchasable","14":"product-type-simple"},"acf":[],"_links":{"self":[{"href":"https:\/\/non-stopshop.eu\/ro\/wp-json\/wp\/v2\/product\/3694","targetHints":{"allow":["GET"]}}],"collection":[{"href":"https:\/\/non-stopshop.eu\/ro\/wp-json\/wp\/v2\/product"}],"about":[{"href":"https:\/\/non-stopshop.eu\/ro\/wp-json\/wp\/v2\/types\/product"}],"replies":[{"embeddable":true,"href":"https:\/\/non-stopshop.eu\/ro\/wp-json\/wp\/v2\/comments?post=3694"}],"wp:featuredmedia":[{"embeddable":true,"href":"https:\/\/non-stopshop.eu\/ro\/wp-json\/wp\/v2\/media\/3696"}],"wp:attachment":[{"href":"https:\/\/non-stopshop.eu\/ro\/wp-json\/wp\/v2\/media?parent=3694"}],"wp:term":[{"taxonomy":"product_brand","embeddable":true,"href":"https:\/\/non-stopshop.eu\/ro\/wp-json\/wp\/v2\/product_brand?post=3694"},{"taxonomy":"product_cat","embeddable":true,"href":"https:\/\/non-stopshop.eu\/ro\/wp-json\/wp\/v2\/product_cat?post=3694"},{"taxonomy":"product_tag","embeddable":true,"href":"https:\/\/non-stopshop.eu\/ro\/wp-json\/wp\/v2\/product_tag?post=3694"}],"curies":[{"name":"wp","href":"https:\/\/api.w.org\/{rel}","templated":true}]}}