{"id":3705,"date":"2021-04-15T17:43:41","date_gmt":"2021-04-15T15:43:41","guid":{"rendered":"https:\/\/shopium.eu\/ro\/?post_type=product&#038;p=3705"},"modified":"2021-04-15T17:48:41","modified_gmt":"2021-04-15T15:48:41","slug":"extensii-magnetice-pentru-burghie-magbite","status":"publish","type":"product","link":"https:\/\/non-stopshop.eu\/ro\/produs\/extensii-magnetice-pentru-burghie-magbite\/","title":{"rendered":"Extensii magnetice pentru burghie &#8211; Magbite"},"content":{"rendered":"","protected":false},"excerpt":{"rendered":"<p>Extensii grozave pentru burghie care func\u021bioneaz\u0103 pe principiul unui magnet \u0219i astfel \u021bin cuiele \u0219i \u0219uruburile, astfel \u00eenc\u00e2t s\u0103 preveni\u021bi posibilele r\u0103niri, deoarece nu va mai trebui s\u0103 le \u021bine\u021bi cu m\u00e2na.<\/p>\n","protected":false},"featured_media":3710,"comment_status":"closed","ping_status":"closed","template":"","meta":{"inline_featured_image":false},"product_brand":[],"product_cat":[15],"product_tag":[],"class_list":{"0":"post-3705","1":"product","2":"type-product","3":"status-publish","4":"has-post-thumbnail","6":"product_cat-uncategorized","8":"first","9":"instock","10":"sale","11":"taxable","12":"shipping-taxable","13":"purchasable","14":"product-type-simple"},"acf":[],"_links":{"self":[{"href":"https:\/\/non-stopshop.eu\/ro\/wp-json\/wp\/v2\/product\/3705","targetHints":{"allow":["GET"]}}],"collection":[{"href":"https:\/\/non-stopshop.eu\/ro\/wp-json\/wp\/v2\/product"}],"about":[{"href":"https:\/\/non-stopshop.eu\/ro\/wp-json\/wp\/v2\/types\/product"}],"replies":[{"embeddable":true,"href":"https:\/\/non-stopshop.eu\/ro\/wp-json\/wp\/v2\/comments?post=3705"}],"wp:featuredmedia":[{"embeddable":true,"href":"https:\/\/non-stopshop.eu\/ro\/wp-json\/wp\/v2\/media\/3710"}],"wp:attachment":[{"href":"https:\/\/non-stopshop.eu\/ro\/wp-json\/wp\/v2\/media?parent=3705"}],"wp:term":[{"taxonomy":"product_brand","embeddable":true,"href":"https:\/\/non-stopshop.eu\/ro\/wp-json\/wp\/v2\/product_brand?post=3705"},{"taxonomy":"product_cat","embeddable":true,"href":"https:\/\/non-stopshop.eu\/ro\/wp-json\/wp\/v2\/product_cat?post=3705"},{"taxonomy":"product_tag","embeddable":true,"href":"https:\/\/non-stopshop.eu\/ro\/wp-json\/wp\/v2\/product_tag?post=3705"}],"curies":[{"name":"wp","href":"https:\/\/api.w.org\/{rel}","templated":true}]}}