{"id":3725,"date":"2021-04-15T18:42:52","date_gmt":"2021-04-15T16:42:52","guid":{"rendered":"https:\/\/shopium.eu\/ro\/?post_type=product&#038;p=3725"},"modified":"2021-04-15T18:46:05","modified_gmt":"2021-04-15T16:46:05","slug":"pieptene-2-in-1-pentru-ondularea-si-indreptarea-parului-hotcomb","status":"publish","type":"product","link":"https:\/\/non-stopshop.eu\/ro\/produs\/pieptene-2-in-1-pentru-ondularea-si-indreptarea-parului-hotcomb\/","title":{"rendered":"Pieptene 2 \u00een 1 pentru ondularea \u0219i \u00eendreptarea p\u0103rului  &#8211; Hotcomb"},"content":{"rendered":"","protected":false},"excerpt":{"rendered":"<p>Produsul perfect care va u\u0219ura grijile zilnice cu coafarea p\u0103rului, dar \u0219i un produs care v\u0103 va ajuta s\u0103 face\u021bi o coafur\u0103 festiv\u0103 \u00een doar c\u00e2teva lovituri.<\/p>\n","protected":false},"featured_media":3726,"comment_status":"closed","ping_status":"closed","template":"","meta":{"inline_featured_image":false},"product_brand":[],"product_cat":[15],"product_tag":[],"class_list":{"0":"post-3725","1":"product","2":"type-product","3":"status-publish","4":"has-post-thumbnail","6":"product_cat-uncategorized","8":"first","9":"instock","10":"sale","11":"taxable","12":"shipping-taxable","13":"purchasable","14":"product-type-simple"},"acf":[],"_links":{"self":[{"href":"https:\/\/non-stopshop.eu\/ro\/wp-json\/wp\/v2\/product\/3725","targetHints":{"allow":["GET"]}}],"collection":[{"href":"https:\/\/non-stopshop.eu\/ro\/wp-json\/wp\/v2\/product"}],"about":[{"href":"https:\/\/non-stopshop.eu\/ro\/wp-json\/wp\/v2\/types\/product"}],"replies":[{"embeddable":true,"href":"https:\/\/non-stopshop.eu\/ro\/wp-json\/wp\/v2\/comments?post=3725"}],"wp:featuredmedia":[{"embeddable":true,"href":"https:\/\/non-stopshop.eu\/ro\/wp-json\/wp\/v2\/media\/3726"}],"wp:attachment":[{"href":"https:\/\/non-stopshop.eu\/ro\/wp-json\/wp\/v2\/media?parent=3725"}],"wp:term":[{"taxonomy":"product_brand","embeddable":true,"href":"https:\/\/non-stopshop.eu\/ro\/wp-json\/wp\/v2\/product_brand?post=3725"},{"taxonomy":"product_cat","embeddable":true,"href":"https:\/\/non-stopshop.eu\/ro\/wp-json\/wp\/v2\/product_cat?post=3725"},{"taxonomy":"product_tag","embeddable":true,"href":"https:\/\/non-stopshop.eu\/ro\/wp-json\/wp\/v2\/product_tag?post=3725"}],"curies":[{"name":"wp","href":"https:\/\/api.w.org\/{rel}","templated":true}]}}