{"id":3752,"date":"2021-04-15T20:45:41","date_gmt":"2021-04-15T18:45:41","guid":{"rendered":"https:\/\/shopium.eu\/ro\/?post_type=product&#038;p=3752"},"modified":"2021-04-15T20:52:57","modified_gmt":"2021-04-15T18:52:57","slug":"colanti-fitness-de-femei-fitup","status":"publish","type":"product","link":"https:\/\/non-stopshop.eu\/ro\/produs\/colanti-fitness-de-femei-fitup\/","title":{"rendered":"Colan\u0163i fitness (de femei)  &#8211; Fitup"},"content":{"rendered":"","protected":false},"excerpt":{"rendered":"<p>Super colan\u0163i destina\u0163i tuturor doamnelor care fac sport \u0219i c\u0103rora le place s\u0103-\u0219i dep\u0103\u0219easc\u0103 limitele de rezisten\u021b\u0103, ceea ce le va fi posibil tocmai datorit\u0103 propriet\u0103\u021bilor lor elastice.<\/p>\n","protected":false},"featured_media":3754,"comment_status":"closed","ping_status":"closed","template":"","meta":{"inline_featured_image":false},"product_brand":[],"product_cat":[15],"product_tag":[],"class_list":{"0":"post-3752","1":"product","2":"type-product","3":"status-publish","4":"has-post-thumbnail","6":"product_cat-uncategorized","8":"first","9":"instock","10":"sale","11":"taxable","12":"shipping-taxable","13":"purchasable","14":"product-type-simple"},"acf":[],"_links":{"self":[{"href":"https:\/\/non-stopshop.eu\/ro\/wp-json\/wp\/v2\/product\/3752","targetHints":{"allow":["GET"]}}],"collection":[{"href":"https:\/\/non-stopshop.eu\/ro\/wp-json\/wp\/v2\/product"}],"about":[{"href":"https:\/\/non-stopshop.eu\/ro\/wp-json\/wp\/v2\/types\/product"}],"replies":[{"embeddable":true,"href":"https:\/\/non-stopshop.eu\/ro\/wp-json\/wp\/v2\/comments?post=3752"}],"wp:featuredmedia":[{"embeddable":true,"href":"https:\/\/non-stopshop.eu\/ro\/wp-json\/wp\/v2\/media\/3754"}],"wp:attachment":[{"href":"https:\/\/non-stopshop.eu\/ro\/wp-json\/wp\/v2\/media?parent=3752"}],"wp:term":[{"taxonomy":"product_brand","embeddable":true,"href":"https:\/\/non-stopshop.eu\/ro\/wp-json\/wp\/v2\/product_brand?post=3752"},{"taxonomy":"product_cat","embeddable":true,"href":"https:\/\/non-stopshop.eu\/ro\/wp-json\/wp\/v2\/product_cat?post=3752"},{"taxonomy":"product_tag","embeddable":true,"href":"https:\/\/non-stopshop.eu\/ro\/wp-json\/wp\/v2\/product_tag?post=3752"}],"curies":[{"name":"wp","href":"https:\/\/api.w.org\/{rel}","templated":true}]}}