{"id":3933,"date":"2021-04-19T12:17:07","date_gmt":"2021-04-19T10:17:07","guid":{"rendered":"https:\/\/shopium.eu\/ro\/?post_type=product&#038;p=3933"},"modified":"2021-04-19T12:20:15","modified_gmt":"2021-04-19T10:20:15","slug":"carpa-de-curatat-cu-modele-de-peste-wrag","status":"publish","type":"product","link":"https:\/\/non-stopshop.eu\/ro\/produs\/carpa-de-curatat-cu-modele-de-peste-wrag\/","title":{"rendered":"C\u00e2rp\u0103 de cur\u0103\u021bat cu modele de pe\u0219te  &#8211; Wrag"},"content":{"rendered":"","protected":false},"excerpt":{"rendered":"<p>Nu l\u0103sa\u021bi urme de cur\u0103\u021bare, proteja\u021bi diferite suprafe\u021be \u0219i p\u0103stra\u021bi-le \u00eentotdeauna curate cu ajutorul acestei c\u00e2rpe super eficiente.<\/p>\n","protected":false},"featured_media":3941,"comment_status":"closed","ping_status":"closed","template":"","meta":{"inline_featured_image":false},"product_brand":[],"product_cat":[15],"product_tag":[],"class_list":{"0":"post-3933","1":"product","2":"type-product","3":"status-publish","4":"has-post-thumbnail","6":"product_cat-uncategorized","8":"first","9":"instock","10":"sale","11":"taxable","12":"shipping-taxable","13":"purchasable","14":"product-type-simple"},"acf":[],"_links":{"self":[{"href":"https:\/\/non-stopshop.eu\/ro\/wp-json\/wp\/v2\/product\/3933","targetHints":{"allow":["GET"]}}],"collection":[{"href":"https:\/\/non-stopshop.eu\/ro\/wp-json\/wp\/v2\/product"}],"about":[{"href":"https:\/\/non-stopshop.eu\/ro\/wp-json\/wp\/v2\/types\/product"}],"replies":[{"embeddable":true,"href":"https:\/\/non-stopshop.eu\/ro\/wp-json\/wp\/v2\/comments?post=3933"}],"wp:featuredmedia":[{"embeddable":true,"href":"https:\/\/non-stopshop.eu\/ro\/wp-json\/wp\/v2\/media\/3941"}],"wp:attachment":[{"href":"https:\/\/non-stopshop.eu\/ro\/wp-json\/wp\/v2\/media?parent=3933"}],"wp:term":[{"taxonomy":"product_brand","embeddable":true,"href":"https:\/\/non-stopshop.eu\/ro\/wp-json\/wp\/v2\/product_brand?post=3933"},{"taxonomy":"product_cat","embeddable":true,"href":"https:\/\/non-stopshop.eu\/ro\/wp-json\/wp\/v2\/product_cat?post=3933"},{"taxonomy":"product_tag","embeddable":true,"href":"https:\/\/non-stopshop.eu\/ro\/wp-json\/wp\/v2\/product_tag?post=3933"}],"curies":[{"name":"wp","href":"https:\/\/api.w.org\/{rel}","templated":true}]}}