{"id":3953,"date":"2021-04-19T12:26:50","date_gmt":"2021-04-19T10:26:50","guid":{"rendered":"https:\/\/shopium.eu\/ro\/?post_type=product&#038;p=3953"},"modified":"2021-04-19T12:33:04","modified_gmt":"2021-04-19T10:33:04","slug":"pantaloni-tactici-impermeabili-tactory","status":"publish","type":"product","link":"https:\/\/non-stopshop.eu\/ro\/produs\/pantaloni-tactici-impermeabili-tactory\/","title":{"rendered":"Pantaloni tactici impermeabili  &#8211; Tactory"},"content":{"rendered":"","protected":false},"excerpt":{"rendered":"<p>Fie c\u0103 v\u00e2na\u021bi, practica\u0163i alpinismul, c\u0103l\u0103ri\u021bi sau planifica\u021bi ac\u021biunea for\u0163elor speciale, ace\u0219ti super pantaloni pot rezista la o mare varietate de clim\u0103 \u0219i provoc\u0103ri.<\/p>\n","protected":false},"featured_media":3960,"comment_status":"closed","ping_status":"closed","template":"","meta":{"inline_featured_image":false},"product_brand":[],"product_cat":[15],"product_tag":[],"class_list":{"0":"post-3953","1":"product","2":"type-product","3":"status-publish","4":"has-post-thumbnail","6":"product_cat-uncategorized","8":"first","9":"instock","10":"sale","11":"taxable","12":"shipping-taxable","13":"purchasable","14":"product-type-simple"},"acf":[],"_links":{"self":[{"href":"https:\/\/non-stopshop.eu\/ro\/wp-json\/wp\/v2\/product\/3953","targetHints":{"allow":["GET"]}}],"collection":[{"href":"https:\/\/non-stopshop.eu\/ro\/wp-json\/wp\/v2\/product"}],"about":[{"href":"https:\/\/non-stopshop.eu\/ro\/wp-json\/wp\/v2\/types\/product"}],"replies":[{"embeddable":true,"href":"https:\/\/non-stopshop.eu\/ro\/wp-json\/wp\/v2\/comments?post=3953"}],"wp:featuredmedia":[{"embeddable":true,"href":"https:\/\/non-stopshop.eu\/ro\/wp-json\/wp\/v2\/media\/3960"}],"wp:attachment":[{"href":"https:\/\/non-stopshop.eu\/ro\/wp-json\/wp\/v2\/media?parent=3953"}],"wp:term":[{"taxonomy":"product_brand","embeddable":true,"href":"https:\/\/non-stopshop.eu\/ro\/wp-json\/wp\/v2\/product_brand?post=3953"},{"taxonomy":"product_cat","embeddable":true,"href":"https:\/\/non-stopshop.eu\/ro\/wp-json\/wp\/v2\/product_cat?post=3953"},{"taxonomy":"product_tag","embeddable":true,"href":"https:\/\/non-stopshop.eu\/ro\/wp-json\/wp\/v2\/product_tag?post=3953"}],"curies":[{"name":"wp","href":"https:\/\/api.w.org\/{rel}","templated":true}]}}