{"id":3962,"date":"2021-04-19T12:39:31","date_gmt":"2021-04-19T10:39:31","guid":{"rendered":"https:\/\/shopium.eu\/ro\/?post_type=product&#038;p=3962"},"modified":"2021-04-19T12:42:26","modified_gmt":"2021-04-19T10:42:26","slug":"curatator-catalitic-pentru-motoare-auto-catengine","status":"publish","type":"product","link":"https:\/\/non-stopshop.eu\/ro\/produs\/curatator-catalitic-pentru-motoare-auto-catengine\/","title":{"rendered":"Cur\u0103\u0163\u0103tor catalitic pentru motoare auto &#8211; Catengine"},"content":{"rendered":"","protected":false},"excerpt":{"rendered":"<p>Un produs de cur\u0103\u021bare inovator care cur\u0103\u021b\u0103 \u0219i ajut\u0103 la acumularea viitoare de carbon, astfel \u00eenc\u00e2t acesta s\u0103 aib\u0103 un efect pozitiv asupra \u00eembun\u0103t\u0103\u021birii performan\u021bei generale a preferatului dumneavoastr\u0103.<\/p>\n","protected":false},"featured_media":3963,"comment_status":"closed","ping_status":"closed","template":"","meta":{"inline_featured_image":false},"product_brand":[],"product_cat":[15],"product_tag":[],"class_list":{"0":"post-3962","1":"product","2":"type-product","3":"status-publish","4":"has-post-thumbnail","6":"product_cat-uncategorized","8":"first","9":"instock","10":"sale","11":"taxable","12":"shipping-taxable","13":"purchasable","14":"product-type-simple"},"acf":[],"_links":{"self":[{"href":"https:\/\/non-stopshop.eu\/ro\/wp-json\/wp\/v2\/product\/3962","targetHints":{"allow":["GET"]}}],"collection":[{"href":"https:\/\/non-stopshop.eu\/ro\/wp-json\/wp\/v2\/product"}],"about":[{"href":"https:\/\/non-stopshop.eu\/ro\/wp-json\/wp\/v2\/types\/product"}],"replies":[{"embeddable":true,"href":"https:\/\/non-stopshop.eu\/ro\/wp-json\/wp\/v2\/comments?post=3962"}],"wp:featuredmedia":[{"embeddable":true,"href":"https:\/\/non-stopshop.eu\/ro\/wp-json\/wp\/v2\/media\/3963"}],"wp:attachment":[{"href":"https:\/\/non-stopshop.eu\/ro\/wp-json\/wp\/v2\/media?parent=3962"}],"wp:term":[{"taxonomy":"product_brand","embeddable":true,"href":"https:\/\/non-stopshop.eu\/ro\/wp-json\/wp\/v2\/product_brand?post=3962"},{"taxonomy":"product_cat","embeddable":true,"href":"https:\/\/non-stopshop.eu\/ro\/wp-json\/wp\/v2\/product_cat?post=3962"},{"taxonomy":"product_tag","embeddable":true,"href":"https:\/\/non-stopshop.eu\/ro\/wp-json\/wp\/v2\/product_tag?post=3962"}],"curies":[{"name":"wp","href":"https:\/\/api.w.org\/{rel}","templated":true}]}}