{"id":3973,"date":"2021-04-19T13:00:57","date_gmt":"2021-04-19T11:00:57","guid":{"rendered":"https:\/\/shopium.eu\/ro\/?post_type=product&#038;p=3973"},"modified":"2021-04-19T13:03:43","modified_gmt":"2021-04-19T11:03:43","slug":"lumini-3d-cu-led-uri-pentru-biciclete-lumissed","status":"publish","type":"product","link":"https:\/\/non-stopshop.eu\/ro\/produs\/lumini-3d-cu-led-uri-pentru-biciclete-lumissed\/","title":{"rendered":"Lumini 3D cu LED-uri pentru biciclete \u2013 Lumissed"},"content":{"rendered":"","protected":false},"excerpt":{"rendered":"<p><span style=\"font-weight: 400;\">Lumini 3D atractive \u015fi super modern pentru bicicleta dumneavoastr\u0103, cu anima\u0163ii super interesante vor face ca fiecare plimbare cu bicicleta s\u0103 fie de neuitat \u015fi ultra distractiv\u0103.\u00a0<\/span><\/p>\n","protected":false},"featured_media":3982,"comment_status":"closed","ping_status":"closed","template":"","meta":{"inline_featured_image":false},"product_brand":[],"product_cat":[15],"product_tag":[],"class_list":{"0":"post-3973","1":"product","2":"type-product","3":"status-publish","4":"has-post-thumbnail","6":"product_cat-uncategorized","8":"first","9":"instock","10":"sale","11":"taxable","12":"shipping-taxable","13":"purchasable","14":"product-type-simple"},"acf":[],"_links":{"self":[{"href":"https:\/\/non-stopshop.eu\/ro\/wp-json\/wp\/v2\/product\/3973","targetHints":{"allow":["GET"]}}],"collection":[{"href":"https:\/\/non-stopshop.eu\/ro\/wp-json\/wp\/v2\/product"}],"about":[{"href":"https:\/\/non-stopshop.eu\/ro\/wp-json\/wp\/v2\/types\/product"}],"replies":[{"embeddable":true,"href":"https:\/\/non-stopshop.eu\/ro\/wp-json\/wp\/v2\/comments?post=3973"}],"wp:featuredmedia":[{"embeddable":true,"href":"https:\/\/non-stopshop.eu\/ro\/wp-json\/wp\/v2\/media\/3982"}],"wp:attachment":[{"href":"https:\/\/non-stopshop.eu\/ro\/wp-json\/wp\/v2\/media?parent=3973"}],"wp:term":[{"taxonomy":"product_brand","embeddable":true,"href":"https:\/\/non-stopshop.eu\/ro\/wp-json\/wp\/v2\/product_brand?post=3973"},{"taxonomy":"product_cat","embeddable":true,"href":"https:\/\/non-stopshop.eu\/ro\/wp-json\/wp\/v2\/product_cat?post=3973"},{"taxonomy":"product_tag","embeddable":true,"href":"https:\/\/non-stopshop.eu\/ro\/wp-json\/wp\/v2\/product_tag?post=3973"}],"curies":[{"name":"wp","href":"https:\/\/api.w.org\/{rel}","templated":true}]}}