{"id":3991,"date":"2021-04-19T13:08:30","date_gmt":"2021-04-19T11:08:30","guid":{"rendered":"https:\/\/shopium.eu\/ro\/?post_type=product&#038;p=3991"},"modified":"2021-04-19T13:10:31","modified_gmt":"2021-04-19T11:10:31","slug":"zaruri-unicate-cu-cranii-squll","status":"publish","type":"product","link":"https:\/\/non-stopshop.eu\/ro\/produs\/zaruri-unicate-cu-cranii-squll\/","title":{"rendered":"Zaruri unicate cu cranii \u2013 Squll"},"content":{"rendered":"","protected":false},"excerpt":{"rendered":"<p><span style=\"font-weight: 400;\">Zaruri unicate \u015fi super interesante cu design gotic care au cranii incizate \u00een loc de puncte, vor face ca fiecare joc de monopol, risic sau nu te sup\u0103ra, frate, s\u0103 devin\u0103 mult mai distractive \u015fi mai interesant.\u00a0<\/span><\/p>\n","protected":false},"featured_media":3996,"comment_status":"closed","ping_status":"closed","template":"","meta":{"inline_featured_image":false},"product_brand":[],"product_cat":[15],"product_tag":[],"class_list":{"0":"post-3991","1":"product","2":"type-product","3":"status-publish","4":"has-post-thumbnail","6":"product_cat-uncategorized","8":"first","9":"instock","10":"sale","11":"taxable","12":"shipping-taxable","13":"purchasable","14":"product-type-simple"},"acf":[],"_links":{"self":[{"href":"https:\/\/non-stopshop.eu\/ro\/wp-json\/wp\/v2\/product\/3991","targetHints":{"allow":["GET"]}}],"collection":[{"href":"https:\/\/non-stopshop.eu\/ro\/wp-json\/wp\/v2\/product"}],"about":[{"href":"https:\/\/non-stopshop.eu\/ro\/wp-json\/wp\/v2\/types\/product"}],"replies":[{"embeddable":true,"href":"https:\/\/non-stopshop.eu\/ro\/wp-json\/wp\/v2\/comments?post=3991"}],"wp:featuredmedia":[{"embeddable":true,"href":"https:\/\/non-stopshop.eu\/ro\/wp-json\/wp\/v2\/media\/3996"}],"wp:attachment":[{"href":"https:\/\/non-stopshop.eu\/ro\/wp-json\/wp\/v2\/media?parent=3991"}],"wp:term":[{"taxonomy":"product_brand","embeddable":true,"href":"https:\/\/non-stopshop.eu\/ro\/wp-json\/wp\/v2\/product_brand?post=3991"},{"taxonomy":"product_cat","embeddable":true,"href":"https:\/\/non-stopshop.eu\/ro\/wp-json\/wp\/v2\/product_cat?post=3991"},{"taxonomy":"product_tag","embeddable":true,"href":"https:\/\/non-stopshop.eu\/ro\/wp-json\/wp\/v2\/product_tag?post=3991"}],"curies":[{"name":"wp","href":"https:\/\/api.w.org\/{rel}","templated":true}]}}