{"id":3999,"date":"2021-04-19T13:10:53","date_gmt":"2021-04-19T11:10:53","guid":{"rendered":"https:\/\/shopium.eu\/ro\/?post_type=product&#038;p=3999"},"modified":"2021-04-19T13:13:19","modified_gmt":"2021-04-19T11:13:19","slug":"amplificatoare-pentru-antebrat-din-silicon-handband","status":"publish","type":"product","link":"https:\/\/non-stopshop.eu\/ro\/produs\/amplificatoare-pentru-antebrat-din-silicon-handband\/","title":{"rendered":"Amplificatoare pentru antebra\u0163 din silicon \u2013 HandBand"},"content":{"rendered":"","protected":false},"excerpt":{"rendered":"<p><span style=\"font-weight: 400;\">Banda de silicon HandBand pentru \u00eent\u0103rirea mu\u015fchilor degetelor, palmelor \u015fi antebra\u0163elor este ideal\u0103 pentru exerci\u0163ii \u015fi reabilit\u0103ri cu eficien\u0163\u0103 maxim\u0103 \u00eentr-o scurt\u0103 perioad\u0103 de timp.\u00a0<\/span><\/p>\n","protected":false},"featured_media":4001,"comment_status":"closed","ping_status":"closed","template":"","meta":{"inline_featured_image":false},"product_brand":[],"product_cat":[15],"product_tag":[],"class_list":{"0":"post-3999","1":"product","2":"type-product","3":"status-publish","4":"has-post-thumbnail","6":"product_cat-uncategorized","8":"first","9":"instock","10":"sale","11":"taxable","12":"shipping-taxable","13":"purchasable","14":"product-type-simple"},"acf":[],"_links":{"self":[{"href":"https:\/\/non-stopshop.eu\/ro\/wp-json\/wp\/v2\/product\/3999","targetHints":{"allow":["GET"]}}],"collection":[{"href":"https:\/\/non-stopshop.eu\/ro\/wp-json\/wp\/v2\/product"}],"about":[{"href":"https:\/\/non-stopshop.eu\/ro\/wp-json\/wp\/v2\/types\/product"}],"replies":[{"embeddable":true,"href":"https:\/\/non-stopshop.eu\/ro\/wp-json\/wp\/v2\/comments?post=3999"}],"wp:featuredmedia":[{"embeddable":true,"href":"https:\/\/non-stopshop.eu\/ro\/wp-json\/wp\/v2\/media\/4001"}],"wp:attachment":[{"href":"https:\/\/non-stopshop.eu\/ro\/wp-json\/wp\/v2\/media?parent=3999"}],"wp:term":[{"taxonomy":"product_brand","embeddable":true,"href":"https:\/\/non-stopshop.eu\/ro\/wp-json\/wp\/v2\/product_brand?post=3999"},{"taxonomy":"product_cat","embeddable":true,"href":"https:\/\/non-stopshop.eu\/ro\/wp-json\/wp\/v2\/product_cat?post=3999"},{"taxonomy":"product_tag","embeddable":true,"href":"https:\/\/non-stopshop.eu\/ro\/wp-json\/wp\/v2\/product_tag?post=3999"}],"curies":[{"name":"wp","href":"https:\/\/api.w.org\/{rel}","templated":true}]}}