{"id":4022,"date":"2021-04-19T13:19:06","date_gmt":"2021-04-19T11:19:06","guid":{"rendered":"https:\/\/shopium.eu\/ro\/?post_type=product&#038;p=4022"},"modified":"2021-04-19T13:21:22","modified_gmt":"2021-04-19T11:21:22","slug":"benzi-rezistente-pentru-exercitii-bandly","status":"publish","type":"product","link":"https:\/\/non-stopshop.eu\/ro\/produs\/benzi-rezistente-pentru-exercitii-bandly\/","title":{"rendered":"Benzi rezistente pentru exerci\u0163ii  \u2013 Bandly"},"content":{"rendered":"","protected":false},"excerpt":{"rendered":"<p><span style=\"font-weight: 400;\">Banda Bandly rezistent\u0103 \u00een form\u0103 num\u0103rului 8 este ideal\u0103 pentru \u00eencordareaa \u00eentregului corp, \u00een doar c\u00e2teva exerci\u021bii, complet adaptabil\u0103 \u0219i practic\u0103 pentru b\u0103rba\u021bi \u0219i femei de toate genera\u021biile.<\/span><\/p>\n","protected":false},"featured_media":4023,"comment_status":"closed","ping_status":"closed","template":"","meta":{"inline_featured_image":false},"product_brand":[],"product_cat":[15],"product_tag":[],"class_list":{"0":"post-4022","1":"product","2":"type-product","3":"status-publish","4":"has-post-thumbnail","6":"product_cat-uncategorized","8":"first","9":"instock","10":"sale","11":"taxable","12":"shipping-taxable","13":"purchasable","14":"product-type-simple"},"acf":[],"_links":{"self":[{"href":"https:\/\/non-stopshop.eu\/ro\/wp-json\/wp\/v2\/product\/4022","targetHints":{"allow":["GET"]}}],"collection":[{"href":"https:\/\/non-stopshop.eu\/ro\/wp-json\/wp\/v2\/product"}],"about":[{"href":"https:\/\/non-stopshop.eu\/ro\/wp-json\/wp\/v2\/types\/product"}],"replies":[{"embeddable":true,"href":"https:\/\/non-stopshop.eu\/ro\/wp-json\/wp\/v2\/comments?post=4022"}],"wp:featuredmedia":[{"embeddable":true,"href":"https:\/\/non-stopshop.eu\/ro\/wp-json\/wp\/v2\/media\/4023"}],"wp:attachment":[{"href":"https:\/\/non-stopshop.eu\/ro\/wp-json\/wp\/v2\/media?parent=4022"}],"wp:term":[{"taxonomy":"product_brand","embeddable":true,"href":"https:\/\/non-stopshop.eu\/ro\/wp-json\/wp\/v2\/product_brand?post=4022"},{"taxonomy":"product_cat","embeddable":true,"href":"https:\/\/non-stopshop.eu\/ro\/wp-json\/wp\/v2\/product_cat?post=4022"},{"taxonomy":"product_tag","embeddable":true,"href":"https:\/\/non-stopshop.eu\/ro\/wp-json\/wp\/v2\/product_tag?post=4022"}],"curies":[{"name":"wp","href":"https:\/\/api.w.org\/{rel}","templated":true}]}}