{"id":4088,"date":"2021-04-21T09:27:17","date_gmt":"2021-04-21T07:27:17","guid":{"rendered":"https:\/\/shopium.eu\/ro\/?post_type=product&#038;p=4088"},"modified":"2021-04-21T10:01:46","modified_gmt":"2021-04-21T08:01:46","slug":"taietor-pentru-cercuri-perfecte-vericircle","status":"publish","type":"product","link":"https:\/\/non-stopshop.eu\/ro\/produs\/taietor-pentru-cercuri-perfecte-vericircle\/","title":{"rendered":"T\u0103ietor pentru cercuri perfecte  &#8211; Vericircle"},"content":{"rendered":"","protected":false},"excerpt":{"rendered":"<p>De dimensiuni mici, convenabil de transportat cu dumneavoastr\u0103, acest t\u0103ietor este fabricat din materiale de \u00eenalt\u0103 calitate \u0219i o lam\u0103 ultra-ascu\u021bit\u0103, care taie u\u0219or materialele me\u0219te\u0219ug\u0103re\u0219ti.<\/p>\n","protected":false},"featured_media":4089,"comment_status":"closed","ping_status":"closed","template":"","meta":{"inline_featured_image":false},"product_brand":[],"product_cat":[15],"product_tag":[],"class_list":{"0":"post-4088","1":"product","2":"type-product","3":"status-publish","4":"has-post-thumbnail","6":"product_cat-uncategorized","8":"first","9":"instock","10":"sale","11":"taxable","12":"shipping-taxable","13":"purchasable","14":"product-type-simple"},"acf":[],"_links":{"self":[{"href":"https:\/\/non-stopshop.eu\/ro\/wp-json\/wp\/v2\/product\/4088","targetHints":{"allow":["GET"]}}],"collection":[{"href":"https:\/\/non-stopshop.eu\/ro\/wp-json\/wp\/v2\/product"}],"about":[{"href":"https:\/\/non-stopshop.eu\/ro\/wp-json\/wp\/v2\/types\/product"}],"replies":[{"embeddable":true,"href":"https:\/\/non-stopshop.eu\/ro\/wp-json\/wp\/v2\/comments?post=4088"}],"wp:featuredmedia":[{"embeddable":true,"href":"https:\/\/non-stopshop.eu\/ro\/wp-json\/wp\/v2\/media\/4089"}],"wp:attachment":[{"href":"https:\/\/non-stopshop.eu\/ro\/wp-json\/wp\/v2\/media?parent=4088"}],"wp:term":[{"taxonomy":"product_brand","embeddable":true,"href":"https:\/\/non-stopshop.eu\/ro\/wp-json\/wp\/v2\/product_brand?post=4088"},{"taxonomy":"product_cat","embeddable":true,"href":"https:\/\/non-stopshop.eu\/ro\/wp-json\/wp\/v2\/product_cat?post=4088"},{"taxonomy":"product_tag","embeddable":true,"href":"https:\/\/non-stopshop.eu\/ro\/wp-json\/wp\/v2\/product_tag?post=4088"}],"curies":[{"name":"wp","href":"https:\/\/api.w.org\/{rel}","templated":true}]}}