{"id":4096,"date":"2021-04-21T09:33:06","date_gmt":"2021-04-21T07:33:06","guid":{"rendered":"https:\/\/shopium.eu\/ro\/?post_type=product&#038;p=4096"},"modified":"2021-04-21T09:38:32","modified_gmt":"2021-04-21T07:38:32","slug":"lanterna-cu-incarcare-solara-solamp","status":"publish","type":"product","link":"https:\/\/non-stopshop.eu\/ro\/produs\/lanterna-cu-incarcare-solara-solamp\/","title":{"rendered":"Lantern\u0103 cu \u00eenc\u0103rcare solar\u0103 &#8211; Solamp"},"content":{"rendered":"","protected":false},"excerpt":{"rendered":"<p>Lamp\u0103 super inovatoare cu \u00eenc\u0103rcare solar\u0103 \u0219i un \u00eenc\u0103rc\u0103tor de telefon este ceva f\u0103r\u0103 de care nu v\u0103 ve\u0163i mai putea imagina sejurul \u00een natur\u0103.<\/p>\n","protected":false},"featured_media":4097,"comment_status":"closed","ping_status":"closed","template":"","meta":{"inline_featured_image":false},"product_brand":[],"product_cat":[15],"product_tag":[],"class_list":{"0":"post-4096","1":"product","2":"type-product","3":"status-publish","4":"has-post-thumbnail","6":"product_cat-uncategorized","8":"first","9":"instock","10":"sale","11":"taxable","12":"shipping-taxable","13":"purchasable","14":"product-type-simple"},"acf":[],"_links":{"self":[{"href":"https:\/\/non-stopshop.eu\/ro\/wp-json\/wp\/v2\/product\/4096","targetHints":{"allow":["GET"]}}],"collection":[{"href":"https:\/\/non-stopshop.eu\/ro\/wp-json\/wp\/v2\/product"}],"about":[{"href":"https:\/\/non-stopshop.eu\/ro\/wp-json\/wp\/v2\/types\/product"}],"replies":[{"embeddable":true,"href":"https:\/\/non-stopshop.eu\/ro\/wp-json\/wp\/v2\/comments?post=4096"}],"wp:featuredmedia":[{"embeddable":true,"href":"https:\/\/non-stopshop.eu\/ro\/wp-json\/wp\/v2\/media\/4097"}],"wp:attachment":[{"href":"https:\/\/non-stopshop.eu\/ro\/wp-json\/wp\/v2\/media?parent=4096"}],"wp:term":[{"taxonomy":"product_brand","embeddable":true,"href":"https:\/\/non-stopshop.eu\/ro\/wp-json\/wp\/v2\/product_brand?post=4096"},{"taxonomy":"product_cat","embeddable":true,"href":"https:\/\/non-stopshop.eu\/ro\/wp-json\/wp\/v2\/product_cat?post=4096"},{"taxonomy":"product_tag","embeddable":true,"href":"https:\/\/non-stopshop.eu\/ro\/wp-json\/wp\/v2\/product_tag?post=4096"}],"curies":[{"name":"wp","href":"https:\/\/api.w.org\/{rel}","templated":true}]}}