{"id":4137,"date":"2021-04-22T21:04:03","date_gmt":"2021-04-22T19:04:03","guid":{"rendered":"https:\/\/shopium.eu\/ro\/?post_type=product&#038;p=4137"},"modified":"2021-04-23T09:24:58","modified_gmt":"2021-04-23T07:24:58","slug":"jucarii-pentru-scaldat-pentru-copii-babybot","status":"publish","type":"product","link":"https:\/\/non-stopshop.eu\/ro\/produs\/jucarii-pentru-scaldat-pentru-copii-babybot\/","title":{"rendered":"Jucarii pentru sc\u0103ldat pentru copii &#8211; Babybot"},"content":{"rendered":"","protected":false},"excerpt":{"rendered":"<p>Juc\u0103rii practice \u0219i presimpatice care stropesc cu ajutorul c\u0103rora b\u0103ie\u021bilor \u0219i fetelor le va pl\u0103cea s\u0103 se scalde \u00een mod egal.<\/p>\n","protected":false},"featured_media":4141,"comment_status":"closed","ping_status":"closed","template":"","meta":{"inline_featured_image":false},"product_brand":[],"product_cat":[15],"product_tag":[],"class_list":{"0":"post-4137","1":"product","2":"type-product","3":"status-publish","4":"has-post-thumbnail","6":"product_cat-uncategorized","8":"first","9":"instock","10":"sale","11":"taxable","12":"shipping-taxable","13":"purchasable","14":"product-type-simple"},"acf":[],"_links":{"self":[{"href":"https:\/\/non-stopshop.eu\/ro\/wp-json\/wp\/v2\/product\/4137","targetHints":{"allow":["GET"]}}],"collection":[{"href":"https:\/\/non-stopshop.eu\/ro\/wp-json\/wp\/v2\/product"}],"about":[{"href":"https:\/\/non-stopshop.eu\/ro\/wp-json\/wp\/v2\/types\/product"}],"replies":[{"embeddable":true,"href":"https:\/\/non-stopshop.eu\/ro\/wp-json\/wp\/v2\/comments?post=4137"}],"wp:featuredmedia":[{"embeddable":true,"href":"https:\/\/non-stopshop.eu\/ro\/wp-json\/wp\/v2\/media\/4141"}],"wp:attachment":[{"href":"https:\/\/non-stopshop.eu\/ro\/wp-json\/wp\/v2\/media?parent=4137"}],"wp:term":[{"taxonomy":"product_brand","embeddable":true,"href":"https:\/\/non-stopshop.eu\/ro\/wp-json\/wp\/v2\/product_brand?post=4137"},{"taxonomy":"product_cat","embeddable":true,"href":"https:\/\/non-stopshop.eu\/ro\/wp-json\/wp\/v2\/product_cat?post=4137"},{"taxonomy":"product_tag","embeddable":true,"href":"https:\/\/non-stopshop.eu\/ro\/wp-json\/wp\/v2\/product_tag?post=4137"}],"curies":[{"name":"wp","href":"https:\/\/api.w.org\/{rel}","templated":true}]}}